{"id":8643,"date":"2022-08-13T15:30:10","date_gmt":"2022-08-13T12:30:10","guid":{"rendered":"https:\/\/weka.com.tr\/?page_id=8643"},"modified":"2026-01-16T14:18:08","modified_gmt":"2026-01-16T11:18:08","slug":"blog","status":"publish","type":"page","link":"https:\/\/weka.com.tr\/en\/blog\/","title":{"rendered":"Blog"},"content":{"rendered":"<section class=\"l-section wpb_row height_custom\"><div class=\"l-section-h i-cf\"><div class=\"g-cols vc_row via_grid cols_1 laptops-cols_inherit tablets-cols_inherit mobiles-cols_1 valign_top type_default stacking_default\"><div class=\"wpb_column vc_column_container\"><div class=\"vc_column-inner\"><div class=\"w-grid us_post_list type_grid layout_8610 cols_3 pagination_load_on_scroll preload_style_spinner\" id=\"us_post_list_d52c\" style=\"--columns:3;--gap:1.5rem;\"><style>@media (max-width:1024px){#us_post_list_d52c{--columns:2!important}}@media (max-width:600px){#us_post_list_d52c{--columns:1!important}}.layout_8610 .w-grid-item-h{}.layout_8610 .usg_vwrapper_1{transition-duration:0.3s;transform-origin:50% 50%;transform:scale(1) translate(0%,0%)}.layout_8610 .w-grid-item-h:focus-within .usg_vwrapper_1,.layout_8610 .w-grid-item-h:hover .usg_vwrapper_1{transform:scale(1) translate(0%,0%);opacity:1;border-color:var(--color-content-primary)!important}.layout_8610 .usg_post_title_1{font-size:1.4rem!important}.layout_8610 .usg_post_image_1{margin-top:0.6rem!important}.layout_8610 .usg_post_content_1{font-size:0.9rem!important;line-height:1.7!important;margin-top:0.8rem!important}.layout_8610 .usg_vwrapper_1{padding:30px!important;border:2px solid #999999!important}@media (max-width:600px){.layout_8610 .usg_post_title_1{font-size:1.2rem!important}}<\/style><div class=\"w-grid-list\">\t<article class=\"w-grid-item size_1x1 post-8588 post type-post status-publish format-standard has-post-thumbnail hentry category-blog\" data-id=\"8588\">\r\n\t\t<div class=\"w-grid-item-h\">\r\n\t\t\t\t\t\t<div class=\"w-vwrapper usg_vwrapper_1 align_none valign_top\"><div class=\"w-post-elm post_image usg_post_image_1 has_ratio\"><a href=\"https:\/\/weka.com.tr\/en\/what-is-pull-auger\/\" aria-label=\"What is Pull Auger?\"><img loading=\"lazy\" decoding=\"async\" width=\"800\" height=\"800\" src=\"https:\/\/weka.com.tr\/wp-content\/uploads\/2022\/08\/cekme-helezon.jpg\" class=\"attachment-large size-large wp-post-image\" alt=\"S\u0131vama Helezon-\u00c7ekme Helezon-Helezon-Weka M\u00fchendislik\" \/><\/a><div style=\"padding-bottom:100%\"><\/div><\/div><h2 class=\"w-post-elm post_title usg_post_title_1 entry-title color_link_inherit\"><a href=\"https:\/\/weka.com.tr\/en\/what-is-pull-auger\/\">What is Pull Auger?<\/a><\/h2><div class=\"w-post-elm post_content usg_post_content_1\">Pull Screws are used to transport products. The main task of traction augers is transport. They can be produced as carbon steel or stainless. Drawing&hellip;<\/div><\/div>\t\t<\/div>\r\n\t\t\t<\/article>\r\n\t<article class=\"w-grid-item size_1x1 post-8587 post type-post status-publish format-standard has-post-thumbnail hentry category-blog\" data-id=\"8587\">\r\n\t\t<div class=\"w-grid-item-h\">\r\n\t\t\t\t\t\t<div class=\"w-vwrapper usg_vwrapper_1 align_none valign_top\"><div class=\"w-post-elm post_image usg_post_image_1 has_ratio\"><a href=\"https:\/\/weka.com.tr\/en\/what-is-cement-screw-conveyor\/\" aria-label=\"What is Cement Screw Conveyor?\"><img loading=\"lazy\" decoding=\"async\" width=\"1024\" height=\"922\" src=\"https:\/\/weka.com.tr\/wp-content\/uploads\/2022\/08\/cimento-hm-01-1024x922.jpg\" class=\"attachment-large size-large wp-post-image\" alt=\"Weka M\u00fchendislik\" \/><\/a><div style=\"padding-bottom:100%\"><\/div><\/div><h2 class=\"w-post-elm post_title usg_post_title_1 entry-title color_link_inherit\"><a href=\"https:\/\/weka.com.tr\/en\/what-is-cement-screw-conveyor\/\">What is Cement Screw Conveyor?<\/a><\/h2><div class=\"w-post-elm post_content usg_post_content_1\">Cement Screw Conveyors consist of a tubular trough equipped with at least one inlet and outlet, a welded flange at each pipe end, a helical&hellip;<\/div><\/div>\t\t<\/div>\r\n\t\t\t<\/article>\r\n\t<article class=\"w-grid-item size_1x1 post-8586 post type-post status-publish format-standard has-post-thumbnail hentry category-blog\" data-id=\"8586\">\r\n\t\t<div class=\"w-grid-item-h\">\r\n\t\t\t\t\t\t<div class=\"w-vwrapper usg_vwrapper_1 align_none valign_top\"><div class=\"w-post-elm post_image usg_post_image_1 has_ratio\"><a href=\"https:\/\/weka.com.tr\/en\/what-is-butterfly-valve\/\" aria-label=\"What is Butterfly Valve?\"><img loading=\"lazy\" decoding=\"async\" width=\"801\" height=\"801\" src=\"https:\/\/weka.com.tr\/wp-content\/uploads\/2022\/08\/kelebek-klape.jpg\" class=\"attachment-large size-large wp-post-image\" alt=\"Kelebek-kelape-Butterfly-valves-su-vanas-ozb-klape-wam-klape\" \/><\/a><div style=\"padding-bottom:100%\"><\/div><\/div><h2 class=\"w-post-elm post_title usg_post_title_1 entry-title color_link_inherit\"><a href=\"https:\/\/weka.com.tr\/en\/what-is-butterfly-valve\/\">What is Butterfly Valve?<\/a><\/h2><div class=\"w-post-elm post_content usg_post_content_1\">Butterfly valves are used for flow control of powder and granular raw materials poured with their own weight. Butterfly valves are usually installed under bunkers,&hellip;<\/div><\/div>\t\t<\/div>\r\n\t\t\t<\/article>\r\n\t<article class=\"w-grid-item size_1x1 post-8585 post type-post status-publish format-standard has-post-thumbnail hentry category-blog\" data-id=\"8585\">\r\n\t\t<div class=\"w-grid-item-h\">\r\n\t\t\t\t\t\t<div class=\"w-vwrapper usg_vwrapper_1 align_none valign_top\"><div class=\"w-post-elm post_image usg_post_image_1 has_ratio\"><a href=\"https:\/\/weka.com.tr\/en\/what-is-slide-valve\/\" aria-label=\"What is Slide Valve?\"><img loading=\"lazy\" decoding=\"async\" width=\"801\" height=\"801\" src=\"https:\/\/weka.com.tr\/wp-content\/uploads\/2022\/08\/surgulu-klape-1.jpg\" class=\"attachment-large size-large wp-post-image\" alt=\"BLADE-VALVE-BI\u00c7AKLI-KLAPE\" \/><\/a><div style=\"padding-bottom:100%\"><\/div><\/div><h2 class=\"w-post-elm post_title usg_post_title_1 entry-title color_link_inherit\"><a href=\"https:\/\/weka.com.tr\/en\/what-is-slide-valve\/\">What is Slide Valve?<\/a><\/h2><div class=\"w-post-elm post_content usg_post_content_1\">Sliding flaps are used to control the flow of free-flowing bulk materials with the effect of gravity. Although they have different usage features, they are&hellip;<\/div><\/div>\t\t<\/div>\r\n\t\t\t<\/article>\r\n\t<article class=\"w-grid-item size_1x1 post-8584 post type-post status-publish format-standard has-post-thumbnail hentry category-blog\" data-id=\"8584\">\r\n\t\t<div class=\"w-grid-item-h\">\r\n\t\t\t\t\t\t<div class=\"w-vwrapper usg_vwrapper_1 align_none valign_top\"><div class=\"w-post-elm post_image usg_post_image_1 has_ratio\"><a href=\"https:\/\/weka.com.tr\/en\/what-is-vibration-motors\/\" aria-label=\"What is Vibration Motors?\"><img loading=\"lazy\" decoding=\"async\" width=\"800\" height=\"800\" src=\"https:\/\/weka.com.tr\/wp-content\/uploads\/2022\/08\/vibrasyon-motor.jpg\" class=\"attachment-large size-large wp-post-image\" alt=\"Vibrasyon Motor Vibration motor\" \/><\/a><div style=\"padding-bottom:100%\"><\/div><\/div><h2 class=\"w-post-elm post_title usg_post_title_1 entry-title color_link_inherit\"><a href=\"https:\/\/weka.com.tr\/en\/what-is-vibration-motors\/\">What is Vibration Motors?<\/a><\/h2><div class=\"w-post-elm post_content usg_post_content_1\">W Electric Vibration Motors are manufactured industrially in machines such as filters, silos, screening, surface cleaning, feeds, feeding, dosing, as well as test tables. Electric&hellip;<\/div><\/div>\t\t<\/div>\r\n\t\t\t<\/article>\r\n\t<article class=\"w-grid-item size_1x1 post-8583 post type-post status-publish format-standard has-post-thumbnail hentry category-blog\" data-id=\"8583\">\r\n\t\t<div class=\"w-grid-item-h\">\r\n\t\t\t\t\t\t<div class=\"w-vwrapper usg_vwrapper_1 align_none valign_top\"><div class=\"w-post-elm post_image usg_post_image_1 has_ratio\"><a href=\"https:\/\/weka.com.tr\/en\/what-is-feed-mixer-auger\/\" aria-label=\"What is Feed Mixer Auger?\"><img loading=\"lazy\" decoding=\"async\" width=\"800\" height=\"800\" src=\"https:\/\/weka.com.tr\/wp-content\/uploads\/2022\/08\/yem-karma-bicaklari.jpg\" class=\"attachment-large size-large wp-post-image\" alt=\"\" \/><\/a><div style=\"padding-bottom:100%\"><\/div><\/div><h2 class=\"w-post-elm post_title usg_post_title_1 entry-title color_link_inherit\"><a href=\"https:\/\/weka.com.tr\/en\/what-is-feed-mixer-auger\/\">What is Feed Mixer Auger?<\/a><\/h2><div class=\"w-post-elm post_content usg_post_content_1\">The Feed Mixing Screw facilitates the digestion of the animal thanks to the homogeneous mixture and the fragmentation of sufficient amount of feed. It provides&hellip;<\/div><\/div>\t\t<\/div>\r\n\t\t\t<\/article>\r\n\t<article class=\"w-grid-item size_1x1 post-8582 post type-post status-publish format-standard has-post-thumbnail hentry category-blog\" data-id=\"8582\">\r\n\t\t<div class=\"w-grid-item-h\">\r\n\t\t\t\t\t\t<div class=\"w-vwrapper usg_vwrapper_1 align_none valign_top\"><div class=\"w-post-elm post_image usg_post_image_1 has_ratio\"><a href=\"https:\/\/weka.com.tr\/en\/what-is-rotary-valve\/\" aria-label=\"What is Rotary Valve?\"><img loading=\"lazy\" decoding=\"async\" width=\"800\" height=\"800\" src=\"https:\/\/weka.com.tr\/wp-content\/uploads\/2022\/08\/yildiz_1.jpg\" class=\"attachment-large size-large wp-post-image\" alt=\"\" \/><\/a><div style=\"padding-bottom:100%\"><\/div><\/div><h2 class=\"w-post-elm post_title usg_post_title_1 entry-title color_link_inherit\"><a href=\"https:\/\/weka.com.tr\/en\/what-is-rotary-valve\/\">What is Rotary Valve?<\/a><\/h2><div class=\"w-post-elm post_content usg_post_content_1\">Star feeders have a wide range of uses. It is used in the control of distribution during the discharge of powdered or pelletized materials from&hellip;<\/div><\/div>\t\t<\/div>\r\n\t\t\t<\/article>\r\n<\/div><div class=\"g-loadmore hidden\"><div class=\"g-preloader type_1\"><div><\/div><\/div><\/div><div class=\"w-grid-list-json hidden\" onclick='return {&quot;max_num_pages&quot;:1,&quot;paginationBase&quot;:&quot;page&quot;,&quot;pagination&quot;:&quot;load_on_scroll&quot;,&quot;paged&quot;:1,&quot;ajaxData&quot;:{&quot;action&quot;:&quot;us_ajax_post_list&quot;,&quot;meta_type&quot;:&quot;post&quot;,&quot;object_id&quot;:0,&quot;template_vars&quot;:{&quot;shortcode_base&quot;:&quot;us_post_list&quot;,&quot;paged&quot;:1,&quot;max_num_pages&quot;:1,&quot;no_results&quot;:false,&quot;us_post_content_design_css&quot;:[],&quot;found_posts&quot;:7,&quot;items_count&quot;:7,&quot;source&quot;:&quot;all&quot;,&quot;custom_field_name&quot;:&quot;&quot;,&quot;ids&quot;:&quot;&quot;,&quot;post_type&quot;:&quot;post&quot;,&quot;attachment_ids&quot;:null,&quot;include_post_thumbnail&quot;:0,&quot;post_author&quot;:&quot;any&quot;,&quot;post_author_ids&quot;:&quot;&quot;,&quot;apply_url_params&quot;:0,&quot;ignore_sticky_posts&quot;:1,&quot;exclude_children&quot;:0,&quot;exclude_current_post&quot;:1,&quot;exclude_prev_posts&quot;:0,&quot;exclude_past_events&quot;:0,&quot;enable_items_offset&quot;:0,&quot;items_offset&quot;:&quot;1&quot;,&quot;tax_query_relation&quot;:&quot;none&quot;,&quot;tax_query&quot;:[{&quot;operator&quot;:&quot;IN&quot;,&quot;taxonomy&quot;:&quot;category&quot;,&quot;terms&quot;:&quot;&quot;,&quot;include_children&quot;:0}],&quot;meta_query_relation&quot;:&quot;none&quot;,&quot;meta_query&quot;:[{&quot;key&quot;:&quot;custom_field_name&quot;,&quot;compare&quot;:&quot;=&quot;,&quot;value&quot;:&quot;&quot;}],&quot;orderby&quot;:&quot;date&quot;,&quot;orderby_custom_field&quot;:&quot;&quot;,&quot;orderby_custom_type&quot;:0,&quot;order_invert&quot;:&quot;1&quot;,&quot;show_all&quot;:0,&quot;quantity&quot;:&quot;12&quot;,&quot;posts_per_archive_page&quot;:0,&quot;no_items_action&quot;:&quot;message&quot;,&quot;no_items_message&quot;:&quot;No results found.&quot;,&quot;no_items_page_block&quot;:&quot;&quot;,&quot;pagination&quot;:&quot;load_on_scroll&quot;,&quot;pagination_style&quot;:&quot;&quot;,&quot;pagination_btn_text&quot;:&quot;Load More&quot;,&quot;pagination_btn_size&quot;:&quot;&quot;,&quot;pagination_btn_style&quot;:&quot;1&quot;,&quot;pagination_btn_fullwidth&quot;:0,&quot;items_layout&quot;:&quot;8610&quot;,&quot;type&quot;:&quot;grid&quot;,&quot;items_valign&quot;:0,&quot;ignore_items_size&quot;:0,&quot;columns&quot;:&quot;3&quot;,&quot;items_gap&quot;:&quot;1.5rem&quot;,&quot;load_animation&quot;:&quot;none&quot;,&quot;items_preload_style&quot;:&quot;spinner&quot;,&quot;img_size&quot;:&quot;default&quot;,&quot;title_size&quot;:&quot;&quot;,&quot;items_ratio&quot;:&quot;default&quot;,&quot;items_ratio_width&quot;:&quot;21&quot;,&quot;items_ratio_height&quot;:&quot;9&quot;,&quot;overriding_link&quot;:&quot;%7B%22url%22%3A%22%22%7D&quot;,&quot;popup_page_template&quot;:&quot;0&quot;,&quot;popup_width&quot;:&quot;&quot;,&quot;popup_arrows&quot;:1,&quot;breakpoint_1_width&quot;:&quot;1281px&quot;,&quot;breakpoint_1_cols&quot;:&quot;default&quot;,&quot;breakpoint_1_quantity&quot;:&quot;&quot;,&quot;breakpoint_1_gap&quot;:&quot;&quot;,&quot;breakpoint_2_width&quot;:&quot;1025px&quot;,&quot;breakpoint_2_cols&quot;:&quot;2&quot;,&quot;breakpoint_2_quantity&quot;:&quot;&quot;,&quot;breakpoint_2_gap&quot;:&quot;&quot;,&quot;breakpoint_3_width&quot;:&quot;601px&quot;,&quot;breakpoint_3_cols&quot;:&quot;1&quot;,&quot;breakpoint_3_quantity&quot;:&quot;&quot;,&quot;breakpoint_3_gap&quot;:&quot;&quot;,&quot;conditions_operator&quot;:&quot;always&quot;,&quot;conditions&quot;:[],&quot;css&quot;:null,&quot;el_class&quot;:&quot;&quot;,&quot;el_id&quot;:&quot;&quot;,&quot;enable_custom_html_atts&quot;:0,&quot;custom_html_atts&quot;:null,&quot;hide_on_states&quot;:&quot;&quot;,&quot;hide_for_sticky&quot;:0,&quot;hide_for_not_sticky&quot;:0,&quot;hide_below&quot;:&quot;0px&quot;,&quot;hide_above&quot;:&quot;0px&quot;,&quot;classes&quot;:&quot;&quot;}},&quot;facetedFilter&quot;:[]}'><\/div><\/div><\/div><\/div><\/div><\/div><\/section>\n","protected":false},"excerpt":{"rendered":"Star feeders have a wide range of uses. It is used in the control of distribution during the discharge of powdered or pelletized materials from silos, silo cones, pneumatic conveyor systems, screw conveyors and many similar places. RV Rotary Valves are designed for maximum versatility in application.","protected":false},"author":1,"featured_media":0,"parent":0,"menu_order":0,"comment_status":"closed","ping_status":"closed","template":"","meta":{"_acf_changed":false,"footnotes":""},"class_list":["post-8643","page","type-page","status-publish","hentry"],"acf":[],"yoast_head":"<!-- This site is optimized with the Yoast SEO plugin v27.0 - https:\/\/yoast.com\/product\/yoast-seo-wordpress\/ -->\n<title>Blog - WEKA M\u00fchendislik Makina<\/title>\n<meta name=\"description\" content=\"Weka M\u00fchendislik Makine 2001 y\u0131l\u0131nda kurulmu\u015f ve 20 y\u0131l\u0131 a\u015fk\u0131n s\u00fcredir, d\u00f6kme kat\u0131 malzemelerin ta\u015f\u0131nmas\u0131, kar\u0131\u015ft\u0131r\u0131lmas\u0131 ve nakli konusunda \u00fcretim g\u00f6stermektedir. Ankara merkezli olan Weka M\u00fchendislik Makine \u00fcr\u00fcnleri do\u011frudan ve bayiler arac\u0131l\u0131\u011f\u0131 ile d\u00fcnya pazar\u0131nda m\u00fc\u015fterilere sunmaktad\u0131r.\" \/>\n<meta name=\"robots\" content=\"index, follow, max-snippet:-1, max-image-preview:large, max-video-preview:-1\" \/>\n<link rel=\"canonical\" href=\"https:\/\/weka.com.tr\/en\/blog\/\" \/>\n<meta property=\"og:locale\" content=\"en_US\" \/>\n<meta property=\"og:type\" content=\"article\" \/>\n<meta property=\"og:title\" content=\"Blog - WEKA M\u00fchendislik Makina\" \/>\n<meta property=\"og:description\" content=\"Weka M\u00fchendislik Makine 2001 y\u0131l\u0131nda kurulmu\u015f ve 20 y\u0131l\u0131 a\u015fk\u0131n s\u00fcredir, d\u00f6kme kat\u0131 malzemelerin ta\u015f\u0131nmas\u0131, kar\u0131\u015ft\u0131r\u0131lmas\u0131 ve nakli konusunda \u00fcretim g\u00f6stermektedir. Ankara merkezli olan Weka M\u00fchendislik Makine \u00fcr\u00fcnleri do\u011frudan ve bayiler arac\u0131l\u0131\u011f\u0131 ile d\u00fcnya pazar\u0131nda m\u00fc\u015fterilere sunmaktad\u0131r.\" \/>\n<meta property=\"og:url\" content=\"https:\/\/weka.com.tr\/en\/blog\/\" \/>\n<meta property=\"og:site_name\" content=\"WEKA M\u00fchendislik Makina\" \/>\n<meta property=\"article:modified_time\" content=\"2026-01-16T11:18:08+00:00\" \/>\n<meta name=\"twitter:card\" content=\"summary_large_image\" \/>\n<script type=\"application\/ld+json\" class=\"yoast-schema-graph\">{\"@context\":\"https:\/\/schema.org\",\"@graph\":[{\"@type\":\"WebPage\",\"@id\":\"https:\/\/weka.com.tr\/en\/blog\/\",\"url\":\"https:\/\/weka.com.tr\/en\/blog\/\",\"name\":\"Blog - WEKA M\u00fchendislik Makina\",\"isPartOf\":{\"@id\":\"https:\/\/weka.com.tr\/#website\"},\"datePublished\":\"2022-08-13T12:30:10+00:00\",\"dateModified\":\"2026-01-16T11:18:08+00:00\",\"description\":\"Weka M\u00fchendislik Makine 2001 y\u0131l\u0131nda kurulmu\u015f ve 20 y\u0131l\u0131 a\u015fk\u0131n s\u00fcredir, d\u00f6kme kat\u0131 malzemelerin ta\u015f\u0131nmas\u0131, kar\u0131\u015ft\u0131r\u0131lmas\u0131 ve nakli konusunda \u00fcretim g\u00f6stermektedir. Ankara merkezli olan Weka M\u00fchendislik Makine \u00fcr\u00fcnleri do\u011frudan ve bayiler arac\u0131l\u0131\u011f\u0131 ile d\u00fcnya pazar\u0131nda m\u00fc\u015fterilere sunmaktad\u0131r.\",\"breadcrumb\":{\"@id\":\"https:\/\/weka.com.tr\/en\/blog\/#breadcrumb\"},\"inLanguage\":\"en-US\",\"potentialAction\":[{\"@type\":\"ReadAction\",\"target\":[\"https:\/\/weka.com.tr\/en\/blog\/\"]}]},{\"@type\":\"BreadcrumbList\",\"@id\":\"https:\/\/weka.com.tr\/en\/blog\/#breadcrumb\",\"itemListElement\":[{\"@type\":\"ListItem\",\"position\":1,\"name\":\"Anasayfa\",\"item\":\"https:\/\/weka.com.tr\/en\/home\/\"},{\"@type\":\"ListItem\",\"position\":2,\"name\":\"Blog\"}]},{\"@type\":\"WebSite\",\"@id\":\"https:\/\/weka.com.tr\/#website\",\"url\":\"https:\/\/weka.com.tr\/\",\"name\":\"WEKA M\u00fchendislik Makina\",\"description\":\"\",\"publisher\":{\"@id\":\"https:\/\/weka.com.tr\/#organization\"},\"potentialAction\":[{\"@type\":\"SearchAction\",\"target\":{\"@type\":\"EntryPoint\",\"urlTemplate\":\"https:\/\/weka.com.tr\/?s={search_term_string}\"},\"query-input\":{\"@type\":\"PropertyValueSpecification\",\"valueRequired\":true,\"valueName\":\"search_term_string\"}}],\"inLanguage\":\"en-US\"},{\"@type\":\"Organization\",\"@id\":\"https:\/\/weka.com.tr\/#organization\",\"name\":\"WEKA M\u00fchendislik Makina\",\"url\":\"https:\/\/weka.com.tr\/\",\"logo\":{\"@type\":\"ImageObject\",\"inLanguage\":\"en-US\",\"@id\":\"https:\/\/weka.com.tr\/#\/schema\/logo\/image\/\",\"url\":\"https:\/\/weka.com.tr\/wp-content\/uploads\/2025\/11\/logo-b-s.svg\",\"contentUrl\":\"https:\/\/weka.com.tr\/wp-content\/uploads\/2025\/11\/logo-b-s.svg\",\"width\":\"1024\",\"height\":\"1024\",\"caption\":\"WEKA M\u00fchendislik Makina\"},\"image\":{\"@id\":\"https:\/\/weka.com.tr\/#\/schema\/logo\/image\/\"}}]}<\/script>\n<!-- \/ Yoast SEO plugin. -->","yoast_head_json":{"title":"Blog - WEKA M\u00fchendislik Makina","description":"Weka M\u00fchendislik Makine 2001 y\u0131l\u0131nda kurulmu\u015f ve 20 y\u0131l\u0131 a\u015fk\u0131n s\u00fcredir, d\u00f6kme kat\u0131 malzemelerin ta\u015f\u0131nmas\u0131, kar\u0131\u015ft\u0131r\u0131lmas\u0131 ve nakli konusunda \u00fcretim g\u00f6stermektedir. Ankara merkezli olan Weka M\u00fchendislik Makine \u00fcr\u00fcnleri do\u011frudan ve bayiler arac\u0131l\u0131\u011f\u0131 ile d\u00fcnya pazar\u0131nda m\u00fc\u015fterilere sunmaktad\u0131r.","robots":{"index":"index","follow":"follow","max-snippet":"max-snippet:-1","max-image-preview":"max-image-preview:large","max-video-preview":"max-video-preview:-1"},"canonical":"https:\/\/weka.com.tr\/en\/blog\/","og_locale":"en_US","og_type":"article","og_title":"Blog - WEKA M\u00fchendislik Makina","og_description":"Weka M\u00fchendislik Makine 2001 y\u0131l\u0131nda kurulmu\u015f ve 20 y\u0131l\u0131 a\u015fk\u0131n s\u00fcredir, d\u00f6kme kat\u0131 malzemelerin ta\u015f\u0131nmas\u0131, kar\u0131\u015ft\u0131r\u0131lmas\u0131 ve nakli konusunda \u00fcretim g\u00f6stermektedir. Ankara merkezli olan Weka M\u00fchendislik Makine \u00fcr\u00fcnleri do\u011frudan ve bayiler arac\u0131l\u0131\u011f\u0131 ile d\u00fcnya pazar\u0131nda m\u00fc\u015fterilere sunmaktad\u0131r.","og_url":"https:\/\/weka.com.tr\/en\/blog\/","og_site_name":"WEKA M\u00fchendislik Makina","article_modified_time":"2026-01-16T11:18:08+00:00","twitter_card":"summary_large_image","schema":{"@context":"https:\/\/schema.org","@graph":[{"@type":"WebPage","@id":"https:\/\/weka.com.tr\/en\/blog\/","url":"https:\/\/weka.com.tr\/en\/blog\/","name":"Blog - WEKA M\u00fchendislik Makina","isPartOf":{"@id":"https:\/\/weka.com.tr\/#website"},"datePublished":"2022-08-13T12:30:10+00:00","dateModified":"2026-01-16T11:18:08+00:00","description":"Weka M\u00fchendislik Makine 2001 y\u0131l\u0131nda kurulmu\u015f ve 20 y\u0131l\u0131 a\u015fk\u0131n s\u00fcredir, d\u00f6kme kat\u0131 malzemelerin ta\u015f\u0131nmas\u0131, kar\u0131\u015ft\u0131r\u0131lmas\u0131 ve nakli konusunda \u00fcretim g\u00f6stermektedir. Ankara merkezli olan Weka M\u00fchendislik Makine \u00fcr\u00fcnleri do\u011frudan ve bayiler arac\u0131l\u0131\u011f\u0131 ile d\u00fcnya pazar\u0131nda m\u00fc\u015fterilere sunmaktad\u0131r.","breadcrumb":{"@id":"https:\/\/weka.com.tr\/en\/blog\/#breadcrumb"},"inLanguage":"en-US","potentialAction":[{"@type":"ReadAction","target":["https:\/\/weka.com.tr\/en\/blog\/"]}]},{"@type":"BreadcrumbList","@id":"https:\/\/weka.com.tr\/en\/blog\/#breadcrumb","itemListElement":[{"@type":"ListItem","position":1,"name":"Anasayfa","item":"https:\/\/weka.com.tr\/en\/home\/"},{"@type":"ListItem","position":2,"name":"Blog"}]},{"@type":"WebSite","@id":"https:\/\/weka.com.tr\/#website","url":"https:\/\/weka.com.tr\/","name":"WEKA M\u00fchendislik Makina","description":"","publisher":{"@id":"https:\/\/weka.com.tr\/#organization"},"potentialAction":[{"@type":"SearchAction","target":{"@type":"EntryPoint","urlTemplate":"https:\/\/weka.com.tr\/?s={search_term_string}"},"query-input":{"@type":"PropertyValueSpecification","valueRequired":true,"valueName":"search_term_string"}}],"inLanguage":"en-US"},{"@type":"Organization","@id":"https:\/\/weka.com.tr\/#organization","name":"WEKA M\u00fchendislik Makina","url":"https:\/\/weka.com.tr\/","logo":{"@type":"ImageObject","inLanguage":"en-US","@id":"https:\/\/weka.com.tr\/#\/schema\/logo\/image\/","url":"https:\/\/weka.com.tr\/wp-content\/uploads\/2025\/11\/logo-b-s.svg","contentUrl":"https:\/\/weka.com.tr\/wp-content\/uploads\/2025\/11\/logo-b-s.svg","width":"1024","height":"1024","caption":"WEKA M\u00fchendislik Makina"},"image":{"@id":"https:\/\/weka.com.tr\/#\/schema\/logo\/image\/"}}]}},"_links":{"self":[{"href":"https:\/\/weka.com.tr\/en\/wp-json\/wp\/v2\/pages\/8643","targetHints":{"allow":["GET"]}}],"collection":[{"href":"https:\/\/weka.com.tr\/en\/wp-json\/wp\/v2\/pages"}],"about":[{"href":"https:\/\/weka.com.tr\/en\/wp-json\/wp\/v2\/types\/page"}],"author":[{"embeddable":true,"href":"https:\/\/weka.com.tr\/en\/wp-json\/wp\/v2\/users\/1"}],"replies":[{"embeddable":true,"href":"https:\/\/weka.com.tr\/en\/wp-json\/wp\/v2\/comments?post=8643"}],"version-history":[{"count":0,"href":"https:\/\/weka.com.tr\/en\/wp-json\/wp\/v2\/pages\/8643\/revisions"}],"wp:attachment":[{"href":"https:\/\/weka.com.tr\/en\/wp-json\/wp\/v2\/media?parent=8643"}],"curies":[{"name":"wp","href":"https:\/\/api.w.org\/{rel}","templated":true}]}}