{"id":8261,"date":"2022-08-12T17:43:36","date_gmt":"2022-08-12T14:43:36","guid":{"rendered":"https:\/\/weka.com.tr\/?page_id=8261"},"modified":"2026-01-16T14:13:21","modified_gmt":"2026-01-16T11:13:21","slug":"corporate","status":"publish","type":"page","link":"https:\/\/weka.com.tr\/en\/corporate\/","title":{"rendered":"Corporate"},"content":{"rendered":"<section class=\"l-section wpb_row height_custom\"><div class=\"l-section-h i-cf\"><div class=\"g-cols vc_row via_grid cols_2 laptops-cols_inherit tablets-cols_inherit mobiles-cols_1 valign_middle type_default stacking_default\"><div class=\"wpb_column vc_column_container\"><div class=\"vc_column-inner\"><div class=\"w-image align_center\"><div class=\"w-image-h\"><img decoding=\"async\" width=\"1024\" height=\"1024\" src=\"https:\/\/weka.com.tr\/wp-content\/uploads\/2025\/11\/logo-y-s.svg\" class=\"attachment-large size-large\" alt=\"\" loading=\"lazy\" \/><\/div><\/div><\/div><\/div><div class=\"wpb_column vc_column_container\"><div class=\"vc_column-inner\"><div class=\"wpb_text_column\"><div class=\"wpb_wrapper\"><p style=\"text-align: justify;\">Weka Engineering Machinery was founded in 2001 and has been manufacturing equipment for the transportation, mixing, and handling of bulk solid materials for over 20 years. Headquartered in Ankara, Weka Engineering Machinery offers its products to customers worldwide directly and through distributors.<\/p>\n<p style=\"text-align: justify;\">Some of Weka Engineering Machinery&#8217;s industrial equipment includes single-flight screws, pull screws, screw conveyors (cement conveyors, screw conveyors, U-type screw conveyors, V-type screw conveyors), pipe-welded screws, filters and filter equipment, sliding flaps, butterfly flaps, flap actuators, level indicators, air jets, loading chutes, bin actuators, recycling systems, vibration motors, etc.<\/p>\n<p style=\"text-align: justify;\">Its goal and purpose is to meet the needs of different industries in a high-quality and affordable manner, building a broad customer base with its experienced technical staff.<\/p>\n<\/div><\/div><\/div><\/div><\/div><\/div><\/section><section class=\"l-section wpb_row height_custom\"><div class=\"l-section-h i-cf\"><div class=\"g-cols vc_row via_grid cols_1 laptops-cols_inherit tablets-cols_inherit mobiles-cols_1 valign_top type_default stacking_default\"><div class=\"wpb_column vc_column_container\"><div class=\"vc_column-inner\"><div class=\"w-tabs layout_hor style_radio switch_click has_scrolling\" style=\"--sections-title-size:18px\"><div class=\"w-tabs-list items_3 align_justify\" style=\"font-family:var(--h1-font-family);\"><div class=\"w-tabs-list-h\"><button class=\"w-tabs-item active\" aria-controls=\"content-w5d8\" aria-expanded=\"false\"><span class=\"w-tabs-item-title\">Our Mission<\/span><\/button><button class=\"w-tabs-item\" aria-controls=\"content-m8fc\" aria-expanded=\"false\"><span class=\"w-tabs-item-title\">Our Vission<\/span><\/button><button class=\"w-tabs-item\" aria-controls=\"content-sc45\" aria-expanded=\"false\"><span class=\"w-tabs-item-title\">Our Corporate Values<\/span><\/button><\/div><\/div><div class=\"w-tabs-sections titles-align_none icon_chevron cpos_right\"><div class=\"w-tabs-section active\" id=\"w5d8\"><button class=\"w-tabs-section-header active\" aria-controls=\"content-w5d8\" aria-expanded=\"true\"><div class=\"w-tabs-section-title\">Our Mission<\/div><div class=\"w-tabs-section-control\"><\/div><\/button><div  class=\"w-tabs-section-content\" id=\"content-w5d8\"><div class=\"w-tabs-section-content-h i-cf\"><div class=\"wpb_text_column\"><div class=\"wpb_wrapper\"><p>To provide fast, high quality and economical services to our customers anytime and anywhere by providing customer-oriented solutions.<\/p>\n<p>Our goal is to be a world brand, an international company and to be a leader in its field of activity. In order to achieve this goal, it carries out its activities not only in Turkey but also in the world markets. With the working methods it adopts, it contributes to the development of Turkey in a real sense and meets the needs of the foreign countries in which it operates.<\/p>\n<\/div><\/div><\/div><\/div><\/div><div class=\"w-tabs-section\" id=\"m8fc\"><button class=\"w-tabs-section-header\" aria-controls=\"content-m8fc\" aria-expanded=\"false\"><div class=\"w-tabs-section-title\">Our Vission<\/div><div class=\"w-tabs-section-control\"><\/div><\/button><div  class=\"w-tabs-section-content\" id=\"content-m8fc\"><div class=\"w-tabs-section-content-h i-cf\"><div class=\"wpb_text_column\"><div class=\"wpb_wrapper\"><p>To make its customers happy in confidence by offering quality and affordable products, to maintain its leadership by creating competition in the sector, to constantly develop and grow, to run towards goals,<\/p>\n<p>To become an international brand by ensuring the satisfaction and education of its employees.<\/p>\n<\/div><\/div><\/div><\/div><\/div><div class=\"w-tabs-section\" id=\"sc45\"><button class=\"w-tabs-section-header\" aria-controls=\"content-sc45\" aria-expanded=\"false\"><div class=\"w-tabs-section-title\">Our Corporate Values<\/div><div class=\"w-tabs-section-control\"><\/div><\/button><div  class=\"w-tabs-section-content\" id=\"content-sc45\"><div class=\"w-tabs-section-content-h i-cf\"><div class=\"wpb_text_column\"><div class=\"wpb_wrapper\"><p>Our customers are our priority. To be customer oriented.<br \/>\nWe are determined to succeed and we are followers.<br \/>\nOur biggest capital is our human resources. To value people.<br \/>\nIt is our indispensable goal to always aim for \u201cbetter\u201d.<br \/>\nWe are always open to innovations. Not compromising on quality and meticulousness.<br \/>\nHonesty and transparency is our motto.<br \/>\nTo add value to the economy by using the resources of our country efficiently.<\/p>\n<\/div><\/div><\/div><\/div><\/div><\/div><\/div><\/div><\/div><\/div><\/div><\/section>\n","protected":false},"excerpt":{"rendered":"Weka Engineering Machinery was founded in 2001 and has been manufacturing equipment for the transportation, mixing, and handling of bulk solid materials for over 20 years. Headquartered in Ankara, Weka Engineering Machinery offers its products to customers worldwide directly and through distributors. Some of Weka Engineering Machinery&#8217;s industrial equipment includes single-flight screws, pull screws, screw...","protected":false},"author":1,"featured_media":0,"parent":0,"menu_order":0,"comment_status":"closed","ping_status":"closed","template":"","meta":{"_acf_changed":false,"footnotes":""},"class_list":["post-8261","page","type-page","status-publish","hentry"],"acf":[],"yoast_head":"<!-- This site is optimized with the Yoast SEO plugin v27.0 - https:\/\/yoast.com\/product\/yoast-seo-wordpress\/ -->\n<title>Corporate - WEKA M\u00fchendislik Makina<\/title>\n<meta name=\"description\" content=\"Weka M\u00fchendislik Makine 2001 y\u0131l\u0131nda kurulmu\u015f ve 20 y\u0131l\u0131 a\u015fk\u0131n s\u00fcredir, d\u00f6kme kat\u0131 malzemelerin ta\u015f\u0131nmas\u0131, kar\u0131\u015ft\u0131r\u0131lmas\u0131 ve nakli konusunda \u00fcretim g\u00f6stermektedir. Ankara merkezli olan Weka M\u00fchendislik Makine \u00fcr\u00fcnleri do\u011frudan ve bayiler arac\u0131l\u0131\u011f\u0131 ile d\u00fcnya pazar\u0131nda m\u00fc\u015fterilere sunmaktad\u0131r.\" \/>\n<meta name=\"robots\" content=\"index, follow, max-snippet:-1, max-image-preview:large, max-video-preview:-1\" \/>\n<link rel=\"canonical\" href=\"https:\/\/weka.com.tr\/en\/corporate\/\" \/>\n<meta property=\"og:locale\" content=\"en_US\" \/>\n<meta property=\"og:type\" content=\"article\" \/>\n<meta property=\"og:title\" content=\"Corporate - WEKA M\u00fchendislik Makina\" \/>\n<meta property=\"og:description\" content=\"Weka M\u00fchendislik Makine 2001 y\u0131l\u0131nda kurulmu\u015f ve 20 y\u0131l\u0131 a\u015fk\u0131n s\u00fcredir, d\u00f6kme kat\u0131 malzemelerin ta\u015f\u0131nmas\u0131, kar\u0131\u015ft\u0131r\u0131lmas\u0131 ve nakli konusunda \u00fcretim g\u00f6stermektedir. Ankara merkezli olan Weka M\u00fchendislik Makine \u00fcr\u00fcnleri do\u011frudan ve bayiler arac\u0131l\u0131\u011f\u0131 ile d\u00fcnya pazar\u0131nda m\u00fc\u015fterilere sunmaktad\u0131r.\" \/>\n<meta property=\"og:url\" content=\"https:\/\/weka.com.tr\/en\/corporate\/\" \/>\n<meta property=\"og:site_name\" content=\"WEKA M\u00fchendislik Makina\" \/>\n<meta property=\"article:modified_time\" content=\"2026-01-16T11:13:21+00:00\" \/>\n<meta name=\"twitter:card\" content=\"summary_large_image\" \/>\n<meta name=\"twitter:label1\" content=\"Est. reading time\" \/>\n\t<meta name=\"twitter:data1\" content=\"2 minutes\" \/>\n<script type=\"application\/ld+json\" class=\"yoast-schema-graph\">{\"@context\":\"https:\/\/schema.org\",\"@graph\":[{\"@type\":\"WebPage\",\"@id\":\"https:\/\/weka.com.tr\/en\/corporate\/\",\"url\":\"https:\/\/weka.com.tr\/en\/corporate\/\",\"name\":\"Corporate - WEKA M\u00fchendislik Makina\",\"isPartOf\":{\"@id\":\"https:\/\/weka.com.tr\/#website\"},\"datePublished\":\"2022-08-12T14:43:36+00:00\",\"dateModified\":\"2026-01-16T11:13:21+00:00\",\"description\":\"Weka M\u00fchendislik Makine 2001 y\u0131l\u0131nda kurulmu\u015f ve 20 y\u0131l\u0131 a\u015fk\u0131n s\u00fcredir, d\u00f6kme kat\u0131 malzemelerin ta\u015f\u0131nmas\u0131, kar\u0131\u015ft\u0131r\u0131lmas\u0131 ve nakli konusunda \u00fcretim g\u00f6stermektedir. Ankara merkezli olan Weka M\u00fchendislik Makine \u00fcr\u00fcnleri do\u011frudan ve bayiler arac\u0131l\u0131\u011f\u0131 ile d\u00fcnya pazar\u0131nda m\u00fc\u015fterilere sunmaktad\u0131r.\",\"breadcrumb\":{\"@id\":\"https:\/\/weka.com.tr\/en\/corporate\/#breadcrumb\"},\"inLanguage\":\"en-US\",\"potentialAction\":[{\"@type\":\"ReadAction\",\"target\":[\"https:\/\/weka.com.tr\/en\/corporate\/\"]}]},{\"@type\":\"BreadcrumbList\",\"@id\":\"https:\/\/weka.com.tr\/en\/corporate\/#breadcrumb\",\"itemListElement\":[{\"@type\":\"ListItem\",\"position\":1,\"name\":\"Anasayfa\",\"item\":\"https:\/\/weka.com.tr\/en\/home\/\"},{\"@type\":\"ListItem\",\"position\":2,\"name\":\"Corporate\"}]},{\"@type\":\"WebSite\",\"@id\":\"https:\/\/weka.com.tr\/#website\",\"url\":\"https:\/\/weka.com.tr\/\",\"name\":\"WEKA M\u00fchendislik Makina\",\"description\":\"\",\"publisher\":{\"@id\":\"https:\/\/weka.com.tr\/#organization\"},\"potentialAction\":[{\"@type\":\"SearchAction\",\"target\":{\"@type\":\"EntryPoint\",\"urlTemplate\":\"https:\/\/weka.com.tr\/?s={search_term_string}\"},\"query-input\":{\"@type\":\"PropertyValueSpecification\",\"valueRequired\":true,\"valueName\":\"search_term_string\"}}],\"inLanguage\":\"en-US\"},{\"@type\":\"Organization\",\"@id\":\"https:\/\/weka.com.tr\/#organization\",\"name\":\"WEKA M\u00fchendislik Makina\",\"url\":\"https:\/\/weka.com.tr\/\",\"logo\":{\"@type\":\"ImageObject\",\"inLanguage\":\"en-US\",\"@id\":\"https:\/\/weka.com.tr\/#\/schema\/logo\/image\/\",\"url\":\"https:\/\/weka.com.tr\/wp-content\/uploads\/2025\/11\/logo-b-s.svg\",\"contentUrl\":\"https:\/\/weka.com.tr\/wp-content\/uploads\/2025\/11\/logo-b-s.svg\",\"width\":\"1024\",\"height\":\"1024\",\"caption\":\"WEKA M\u00fchendislik Makina\"},\"image\":{\"@id\":\"https:\/\/weka.com.tr\/#\/schema\/logo\/image\/\"}}]}<\/script>\n<!-- \/ Yoast SEO plugin. -->","yoast_head_json":{"title":"Corporate - WEKA M\u00fchendislik Makina","description":"Weka M\u00fchendislik Makine 2001 y\u0131l\u0131nda kurulmu\u015f ve 20 y\u0131l\u0131 a\u015fk\u0131n s\u00fcredir, d\u00f6kme kat\u0131 malzemelerin ta\u015f\u0131nmas\u0131, kar\u0131\u015ft\u0131r\u0131lmas\u0131 ve nakli konusunda \u00fcretim g\u00f6stermektedir. Ankara merkezli olan Weka M\u00fchendislik Makine \u00fcr\u00fcnleri do\u011frudan ve bayiler arac\u0131l\u0131\u011f\u0131 ile d\u00fcnya pazar\u0131nda m\u00fc\u015fterilere sunmaktad\u0131r.","robots":{"index":"index","follow":"follow","max-snippet":"max-snippet:-1","max-image-preview":"max-image-preview:large","max-video-preview":"max-video-preview:-1"},"canonical":"https:\/\/weka.com.tr\/en\/corporate\/","og_locale":"en_US","og_type":"article","og_title":"Corporate - WEKA M\u00fchendislik Makina","og_description":"Weka M\u00fchendislik Makine 2001 y\u0131l\u0131nda kurulmu\u015f ve 20 y\u0131l\u0131 a\u015fk\u0131n s\u00fcredir, d\u00f6kme kat\u0131 malzemelerin ta\u015f\u0131nmas\u0131, kar\u0131\u015ft\u0131r\u0131lmas\u0131 ve nakli konusunda \u00fcretim g\u00f6stermektedir. Ankara merkezli olan Weka M\u00fchendislik Makine \u00fcr\u00fcnleri do\u011frudan ve bayiler arac\u0131l\u0131\u011f\u0131 ile d\u00fcnya pazar\u0131nda m\u00fc\u015fterilere sunmaktad\u0131r.","og_url":"https:\/\/weka.com.tr\/en\/corporate\/","og_site_name":"WEKA M\u00fchendislik Makina","article_modified_time":"2026-01-16T11:13:21+00:00","twitter_card":"summary_large_image","twitter_misc":{"Est. reading time":"2 minutes"},"schema":{"@context":"https:\/\/schema.org","@graph":[{"@type":"WebPage","@id":"https:\/\/weka.com.tr\/en\/corporate\/","url":"https:\/\/weka.com.tr\/en\/corporate\/","name":"Corporate - WEKA M\u00fchendislik Makina","isPartOf":{"@id":"https:\/\/weka.com.tr\/#website"},"datePublished":"2022-08-12T14:43:36+00:00","dateModified":"2026-01-16T11:13:21+00:00","description":"Weka M\u00fchendislik Makine 2001 y\u0131l\u0131nda kurulmu\u015f ve 20 y\u0131l\u0131 a\u015fk\u0131n s\u00fcredir, d\u00f6kme kat\u0131 malzemelerin ta\u015f\u0131nmas\u0131, kar\u0131\u015ft\u0131r\u0131lmas\u0131 ve nakli konusunda \u00fcretim g\u00f6stermektedir. Ankara merkezli olan Weka M\u00fchendislik Makine \u00fcr\u00fcnleri do\u011frudan ve bayiler arac\u0131l\u0131\u011f\u0131 ile d\u00fcnya pazar\u0131nda m\u00fc\u015fterilere sunmaktad\u0131r.","breadcrumb":{"@id":"https:\/\/weka.com.tr\/en\/corporate\/#breadcrumb"},"inLanguage":"en-US","potentialAction":[{"@type":"ReadAction","target":["https:\/\/weka.com.tr\/en\/corporate\/"]}]},{"@type":"BreadcrumbList","@id":"https:\/\/weka.com.tr\/en\/corporate\/#breadcrumb","itemListElement":[{"@type":"ListItem","position":1,"name":"Anasayfa","item":"https:\/\/weka.com.tr\/en\/home\/"},{"@type":"ListItem","position":2,"name":"Corporate"}]},{"@type":"WebSite","@id":"https:\/\/weka.com.tr\/#website","url":"https:\/\/weka.com.tr\/","name":"WEKA M\u00fchendislik Makina","description":"","publisher":{"@id":"https:\/\/weka.com.tr\/#organization"},"potentialAction":[{"@type":"SearchAction","target":{"@type":"EntryPoint","urlTemplate":"https:\/\/weka.com.tr\/?s={search_term_string}"},"query-input":{"@type":"PropertyValueSpecification","valueRequired":true,"valueName":"search_term_string"}}],"inLanguage":"en-US"},{"@type":"Organization","@id":"https:\/\/weka.com.tr\/#organization","name":"WEKA M\u00fchendislik Makina","url":"https:\/\/weka.com.tr\/","logo":{"@type":"ImageObject","inLanguage":"en-US","@id":"https:\/\/weka.com.tr\/#\/schema\/logo\/image\/","url":"https:\/\/weka.com.tr\/wp-content\/uploads\/2025\/11\/logo-b-s.svg","contentUrl":"https:\/\/weka.com.tr\/wp-content\/uploads\/2025\/11\/logo-b-s.svg","width":"1024","height":"1024","caption":"WEKA M\u00fchendislik Makina"},"image":{"@id":"https:\/\/weka.com.tr\/#\/schema\/logo\/image\/"}}]}},"_links":{"self":[{"href":"https:\/\/weka.com.tr\/en\/wp-json\/wp\/v2\/pages\/8261","targetHints":{"allow":["GET"]}}],"collection":[{"href":"https:\/\/weka.com.tr\/en\/wp-json\/wp\/v2\/pages"}],"about":[{"href":"https:\/\/weka.com.tr\/en\/wp-json\/wp\/v2\/types\/page"}],"author":[{"embeddable":true,"href":"https:\/\/weka.com.tr\/en\/wp-json\/wp\/v2\/users\/1"}],"replies":[{"embeddable":true,"href":"https:\/\/weka.com.tr\/en\/wp-json\/wp\/v2\/comments?post=8261"}],"version-history":[{"count":0,"href":"https:\/\/weka.com.tr\/en\/wp-json\/wp\/v2\/pages\/8261\/revisions"}],"wp:attachment":[{"href":"https:\/\/weka.com.tr\/en\/wp-json\/wp\/v2\/media?parent=8261"}],"curies":[{"name":"wp","href":"https:\/\/api.w.org\/{rel}","templated":true}]}}