{"id":9545,"date":"2022-08-12T17:43:36","date_gmt":"2022-08-12T14:43:36","guid":{"rendered":"https:\/\/weka.com.tr\/kurumsal\/"},"modified":"2026-01-16T14:15:31","modified_gmt":"2026-01-16T11:15:31","slug":"%d8%a7%d9%84%d9%85%d8%a4%d8%b3%d8%b3%d9%8a%d8%a9","status":"publish","type":"page","link":"https:\/\/weka.com.tr\/ar\/%d8%a7%d9%84%d9%85%d8%a4%d8%b3%d8%b3%d9%8a%d8%a9\/","title":{"rendered":"\u0627\u0644\u0645\u0624\u0633\u0633\u064a\u0629"},"content":{"rendered":"<section class=\"l-section wpb_row height_custom\"><div class=\"l-section-h i-cf\"><div class=\"g-cols vc_row via_grid cols_2 laptops-cols_inherit tablets-cols_inherit mobiles-cols_1 valign_middle type_default stacking_default\"><div class=\"wpb_column vc_column_container\"><div class=\"vc_column-inner\"><div class=\"w-image align_center\"><div class=\"w-image-h\"><img decoding=\"async\" width=\"1024\" height=\"1024\" src=\"https:\/\/weka.com.tr\/wp-content\/uploads\/2025\/11\/logo-y-s.svg\" class=\"attachment-large size-large\" alt=\"\" loading=\"lazy\" \/><\/div><\/div><\/div><\/div><div class=\"wpb_column vc_column_container\"><div class=\"vc_column-inner\"><div class=\"wpb_text_column\"><div class=\"wpb_wrapper\"><p style=\"text-align: justify;\">\u062a\u0623\u0633\u0633\u062a \u0634\u0631\u0643\u0629 Weka Engineering Machinery \u0641\u064a \u0639\u0627\u0645 2001 \u0648\u062a\u0642\u0648\u0645 \u0628\u062a\u0635\u0646\u064a\u0639 \u0645\u0639\u062f\u0627\u062a \u0644\u0646\u0642\u0644 \u0648\u062e\u0644\u0637 \u0648\u0645\u0646\u0627\u0648\u0644\u0629 \u0627\u0644\u0645\u0648\u0627\u062f \u0627\u0644\u0635\u0644\u0628\u0629 \u0627\u0644\u0633\u0627\u0626\u0628\u0629 \u0645\u0646\u0630 \u0623\u0643\u062b\u0631 \u0645\u0646 20 \u0639\u0627\u0645\u064b\u0627. \u062a\u0642\u0639 \u0634\u0631\u0643\u0629 Weka Engineering Machinery \u0641\u064a \u0623\u0646\u0642\u0631\u0629 \u0648\u062a\u0642\u062f\u0645 \u0645\u0646\u062a\u062c\u0627\u062a\u0647\u0627 \u0644\u0644\u0639\u0645\u0644\u0627\u0621 \u0641\u064a \u062c\u0645\u064a\u0639 \u0623\u0646\u062d\u0627\u0621 \u0627\u0644\u0639\u0627\u0644\u0645\u060c \u0633\u0648\u0627\u0621 \u0628\u0634\u0643\u0644 \u0645\u0628\u0627\u0634\u0631 \u0623\u0648 \u0645\u0646 \u062e\u0644\u0627\u0644 \u0627\u0644\u0645\u0648\u0632\u0639\u064a\u0646.<\/p>\n<p style=\"text-align: justify;\">\u062a\u0634\u0645\u0644 \u0628\u0639\u0636 \u0627\u0644\u0645\u0639\u062f\u0627\u062a \u0627\u0644\u0635\u0646\u0627\u0639\u064a\u0629 \u0644\u0634\u0631\u0643\u0629 Weka Engineering Machinery \u0627\u0644\u0645\u062b\u0627\u0642\u0628 \u0623\u062d\u0627\u062f\u064a\u0629 \u0627\u0644\u062f\u0648\u0631\u0627\u0646 \u0648\u0627\u0644\u0645\u062b\u0627\u0642\u0628 \u0627\u0644\u0633\u0627\u062d\u0628\u0629 \u0648\u0627\u0644\u0646\u0627\u0642\u0644\u0627\u062a \u0627\u0644\u0645\u062b\u0642\u0627\u0628\u064a\u0629 (\u0646\u0627\u0642\u0644\u0627\u062a \u0627\u0644\u0623\u0633\u0645\u0646\u062a \u0648\u0627\u0644\u0646\u0627\u0642\u0644\u0627\u062a \u0627\u0644\u0644\u0648\u0644\u0628\u064a\u0629 \u0648\u062d\u062f\u0627\u062a \u0627\u0644\u0646\u0642\u0644 \u0627\u0644\u0644\u0648\u0644\u0628\u064a\u0629 \u0645\u0646 \u0627\u0644\u0646\u0648\u0639 U\u060c \u0648\u062d\u062f\u0627\u062a \u0627\u0644\u0646\u0642\u0644 \u0627\u0644\u0644\u0648\u0644\u0628\u064a\u0629 \u0645\u0646 \u0627\u0644\u0646\u0648\u0639 V)\u060c \u0648\u0627\u0644\u0645\u0633\u0627\u0645\u064a\u0631 \u0627\u0644\u0645\u0644\u062d\u0648\u0645\u0629 \u0628\u0627\u0644\u0623\u0646\u0627\u0628\u064a\u0628\u060c \u0648\u0627\u0644\u0645\u0631\u0634\u062d\u0627\u062a \u0648\u0627\u0644\u0645\u0639\u062f\u0627\u062a\u060c \u0648\u0627\u0644\u0644\u0648\u062d\u0627\u062a \u0627\u0644\u0645\u0646\u0632\u0644\u0642\u0629\u060c \u0648\u0627\u0644\u0644\u0648\u062d\u0627\u062a \u0627\u0644\u0641\u0631\u0627\u0634\u064a\u0629\u060c \u0648\u0645\u0634\u063a\u0644\u0627\u062a \u0627\u0644\u0644\u0648\u062d\u0627\u062a\u060c \u0648\u0645\u0624\u0634\u0631\u0627\u062a \u0627\u0644\u0645\u0633\u062a\u0648\u0649\u060c \u0648\u0646\u0641\u0627\u062b\u0627\u062a \u0627\u0644\u0647\u0648\u0627\u0621\u060c \u0648\u0627\u0644\u0645\u0646\u0641\u0627\u062e\u0627\u062a \u0627\u0644\u062a\u062d\u0645\u064a\u0644\u064a\u0629\u060c \u0648\u0645\u0634\u063a\u0644\u0627\u062a \u0627\u0644\u0635\u0646\u0627\u062f\u064a\u0642\u060c \u0648\u0623\u0646\u0638\u0645\u0629 \u0625\u0639\u0627\u062f\u0629 \u0627\u0644\u062a\u062f\u0648\u064a\u0631\u060c \u0648\u0645\u062d\u0631\u0643\u0627\u062a \u0627\u0644\u0627\u0647\u062a\u0632\u0627\u0632\u060c \u0648\u0645\u0627 \u0625\u0644\u0649 \u0630\u0644\u0643.<\/p>\n<p style=\"text-align: justify;\">\u0647\u062f\u0641\u0647\u0627 \u0648\u063a\u0631\u0636\u0647\u0627 \u0647\u0648 \u062a\u0644\u0628\u064a\u0629 \u0627\u062d\u062a\u064a\u0627\u062c\u0627\u062a \u0627\u0644\u0635\u0646\u0627\u0639\u0627\u062a \u0627\u0644\u0645\u062e\u062a\u0644\u0641\u0629 \u0628\u062c\u0648\u062f\u0629 \u0639\u0627\u0644\u064a\u0629 \u0648\u0628\u0623\u0633\u0639\u0627\u0631 \u0645\u0639\u0642\u0648\u0644\u0629\u060c \u0648\u0628\u0646\u0627\u0621 \u0642\u0627\u0639\u062f\u0629 \u0639\u0645\u0644\u0627\u0621 \u0648\u0627\u0633\u0639\u0629 \u0628\u0641\u0636\u0644 \u0637\u0627\u0642\u0645\u0647\u0627 \u0627\u0644\u0641\u0646\u064a \u0630\u064a \u0627\u0644\u062e\u0628\u0631\u0629.<\/p>\n<\/div><\/div><\/div><\/div><\/div><\/div><\/section><section class=\"l-section wpb_row height_custom\"><div class=\"l-section-h i-cf\"><div class=\"g-cols vc_row via_grid cols_1 laptops-cols_inherit tablets-cols_inherit mobiles-cols_1 valign_top type_default stacking_default\"><div class=\"wpb_column vc_column_container\"><div class=\"vc_column-inner\"><div class=\"w-tabs layout_hor style_radio switch_click has_scrolling\" style=\"--sections-title-size:18px\"><div class=\"w-tabs-list items_3 align_justify\" style=\"font-family:var(--h1-font-family);\"><div class=\"w-tabs-list-h\"><button class=\"w-tabs-item active\" aria-controls=\"content-eed2\" aria-expanded=\"false\"><span class=\"w-tabs-item-title\">\u0645\u0647\u0645\u062a\u0646\u0627<\/span><\/button><button class=\"w-tabs-item\" aria-controls=\"content-k114\" aria-expanded=\"false\"><span class=\"w-tabs-item-title\">\u0631\u0624\u064a\u062a\u0646\u0627<\/span><\/button><button class=\"w-tabs-item\" aria-controls=\"content-p389\" aria-expanded=\"false\"><span class=\"w-tabs-item-title\">\u0642\u064a\u0645\u0646\u0627 \u0627\u0644\u0645\u0624\u0633\u0633\u064a\u0629<\/span><\/button><\/div><\/div><div class=\"w-tabs-sections titles-align_none icon_chevron cpos_right\"><div class=\"w-tabs-section active\" id=\"eed2\"><button class=\"w-tabs-section-header active\" aria-controls=\"content-eed2\" aria-expanded=\"true\"><div class=\"w-tabs-section-title\">\u0645\u0647\u0645\u062a\u0646\u0627<\/div><div class=\"w-tabs-section-control\"><\/div><\/button><div  class=\"w-tabs-section-content\" id=\"content-eed2\"><div class=\"w-tabs-section-content-h i-cf\"><div class=\"wpb_text_column\"><div class=\"wpb_wrapper\"><p>\u0647\u062f\u0641\u0646\u0627 \u0647\u0648 \u062a\u0648\u0641\u064a\u0631 \u062d\u0644\u0648\u0644 \u062a\u0631\u0643\u0632 \u0639\u0644\u0649 \u0627\u0644\u0639\u0645\u0644\u0627\u0621\u060c \u0648\u062a\u0642\u062f\u064a\u0645 \u062e\u062f\u0645\u0627\u062a \u0633\u0631\u064a\u0639\u0629 \u0648\u0639\u0627\u0644\u064a\u0629 \u0627\u0644\u062c\u0648\u062f\u0629 \u0648\u0641\u0639\u0627\u0644\u0629 \u0645\u0646 \u062d\u064a\u062b \u0627\u0644\u062a\u0643\u0644\u0641\u0629 \u0644\u0639\u0645\u0644\u0627\u0626\u0646\u0627 \u0641\u064a \u0623\u064a \u0648\u0642\u062a \u0648\u0641\u064a \u0623\u064a \u0645\u0643\u0627\u0646.<\/p>\n<p>\u0647\u062f\u0641\u0646\u0627 \u0647\u0648 \u0623\u0646 \u0646\u0635\u0628\u062d \u0639\u0644\u0627\u0645\u0629 \u062a\u062c\u0627\u0631\u064a\u0629 \u0639\u0627\u0644\u0645\u064a\u0629 \u0648\u0634\u0631\u0643\u0629 \u062f\u0648\u0644\u064a\u0629 \u0648\u0631\u0627\u0626\u062f\u0629 \u0641\u064a \u0645\u062c\u0627\u0644\u0646\u0627. \u0644\u062a\u062d\u0642\u064a\u0642 \u0647\u0630\u0627 \u0627\u0644\u0647\u062f\u0641\u060c \u0646\u062c\u0631\u064a \u0639\u0645\u0644\u064a\u0627\u062a\u0646\u0627 \u0644\u064a\u0633 \u0641\u0642\u0637 \u0641\u064a \u062a\u0631\u0643\u064a\u0627 \u0648\u0644\u0643\u0646 \u0623\u064a\u0636\u064b\u0627 \u0641\u064a \u0627\u0644\u0623\u0633\u0648\u0627\u0642 \u0627\u0644\u0639\u0627\u0644\u0645\u064a\u0629. \u0645\u0646 \u062e\u0644\u0627\u0644 \u0623\u0633\u0627\u0644\u064a\u0628 \u0627\u0644\u0639\u0645\u0644 \u0627\u0644\u062a\u064a \u0646\u062a\u0628\u0639\u0647\u0627\u060c \u0646\u0633\u0627\u0647\u0645 \u0628\u0634\u0643\u0644 \u062d\u0642\u064a\u0642\u064a \u0641\u064a \u062a\u0646\u0645\u064a\u0629 \u062a\u0631\u0643\u064a\u0627 \u0648\u0646\u0644\u0628\u064a \u0627\u062d\u062a\u064a\u0627\u062c\u0627\u062a \u0627\u0644\u062f\u0648\u0644 \u0627\u0644\u0623\u062c\u0646\u0628\u064a\u0629 \u0627\u0644\u062a\u064a \u0646\u0639\u0645\u0644 \u0641\u064a\u0647\u0627.<\/p>\n<\/div><\/div><\/div><\/div><\/div><div class=\"w-tabs-section\" id=\"k114\"><button class=\"w-tabs-section-header\" aria-controls=\"content-k114\" aria-expanded=\"false\"><div class=\"w-tabs-section-title\">\u0631\u0624\u064a\u062a\u0646\u0627<\/div><div class=\"w-tabs-section-control\"><\/div><\/button><div  class=\"w-tabs-section-content\" id=\"content-k114\"><div class=\"w-tabs-section-content-h i-cf\"><div class=\"wpb_text_column\"><div class=\"wpb_wrapper\"><p>\u0625\u0631\u0636\u0627\u0621 \u0627\u0644\u0639\u0645\u0644\u0627\u0621 \u0645\u0646 \u062e\u0644\u0627\u0644 \u062a\u0642\u062f\u064a\u0645 \u0645\u0646\u062a\u062c\u0627\u062a \u0639\u0627\u0644\u064a\u0629 \u0627\u0644\u062c\u0648\u062f\u0629 \u0648\u0628\u0623\u0633\u0639\u0627\u0631 \u0645\u0639\u0642\u0648\u0644\u0629\u060c \u0627\u0644\u062d\u0641\u0627\u0638 \u0639\u0644\u0649 \u062f\u0648\u0631\u0647\u0627 \u0627\u0644\u0631\u0627\u0626\u062f \u0645\u0646 \u062e\u0644\u0627\u0644 \u062e\u0644\u0642 \u0645\u0646\u0627\u0641\u0633\u0629 \u062f\u0627\u062e\u0644 \u0627\u0644\u0642\u0637\u0627\u0639\u060c \u0627\u0644\u0633\u0639\u064a \u0644\u062a\u062d\u0642\u064a\u0642 \u0623\u0647\u062f\u0627\u0641 \u0627\u0644\u062a\u0637\u0648\u064a\u0631 \u0648\u0627\u0644\u0646\u0645\u0648 \u0627\u0644\u0645\u0633\u062a\u0645\u0631\u064a\u0646\u060c<\/p>\n<p>\u0636\u0645\u0627\u0646 \u0631\u0636\u0627 \u0627\u0644\u0645\u0648\u0638\u0641\u064a\u0646 \u0648\u062a\u062f\u0631\u064a\u0628\u0647\u0645\u060c \u0623\u0646 \u062a\u0635\u0628\u062d \u0639\u0644\u0627\u0645\u0629 \u062a\u062c\u0627\u0631\u064a\u0629 \u062f\u0648\u0644\u064a\u0629.<\/p>\n<\/div><\/div><\/div><\/div><\/div><div class=\"w-tabs-section\" id=\"p389\"><button class=\"w-tabs-section-header\" aria-controls=\"content-p389\" aria-expanded=\"false\"><div class=\"w-tabs-section-title\">\u0642\u064a\u0645\u0646\u0627 \u0627\u0644\u0645\u0624\u0633\u0633\u064a\u0629<\/div><div class=\"w-tabs-section-control\"><\/div><\/button><div  class=\"w-tabs-section-content\" id=\"content-p389\"><div class=\"w-tabs-section-content-h i-cf\"><div class=\"wpb_text_column\"><div class=\"wpb_wrapper\"><ul>\n<li>\u0639\u0645\u0644\u0627\u0624\u0646\u0627 \u0647\u0645 \u0623\u0648\u0644\u0648\u064a\u062a\u0646\u0627. \u0627\u0644\u062a\u0631\u0643\u064a\u0632 \u0639\u0644\u0649 \u0627\u0644\u0639\u0645\u0644\u0627\u0621.<\/li>\n<li>\u0646\u062d\u0646 \u0645\u0635\u0645\u0645\u0648\u0646 \u0648\u0645\u062b\u0627\u0628\u0631\u0648\u0646 \u0639\u0644\u0649 \u062a\u062d\u0642\u064a\u0642 \u0627\u0644\u0646\u062c\u0627\u062d.<\/li>\n<li>\u0623\u0643\u0628\u0631 \u0623\u0635\u0648\u0644\u0646\u0627 \u0647\u064a \u0645\u0648\u0627\u0631\u062f\u0646\u0627 \u0627\u0644\u0628\u0634\u0631\u064a\u0629. \u062a\u0642\u062f\u064a\u0631 \u0627\u0644\u0646\u0627\u0633.<\/li>\n<li>\u0627\u0644\u0633\u0639\u064a \u062f\u0627\u0626\u0645\u064b\u0627 \u0646\u062d\u0648 \u201d\u0627\u0644\u0623\u0641\u0636\u0644\u201c \u0647\u0648 \u0647\u062f\u0641\u0646\u0627 \u0627\u0644\u062b\u0627\u0628\u062a.<\/li>\n<li>\u0646\u062d\u0646 \u0645\u0646\u0641\u062a\u062d\u0648\u0646 \u062f\u0627\u0626\u0645\u064b\u0627 \u0639\u0644\u0649 \u0627\u0644\u0627\u0628\u062a\u0643\u0627\u0631. \u0644\u0627 \u0646\u062a\u0646\u0627\u0632\u0644 \u0623\u0628\u062f\u064b\u0627 \u0639\u0646 \u0627\u0644\u062c\u0648\u062f\u0629 \u0648\u0627\u0644\u062f\u0642\u0629.<\/li>\n<li>\u0627\u0644\u0635\u062f\u0642 \u0648\u0627\u0644\u0634\u0641\u0627\u0641\u064a\u0629 \u0647\u0645\u0627 \u0645\u0628\u0627\u062f\u0626\u0646\u0627 \u0627\u0644\u062a\u0648\u062c\u064a\u0647\u064a\u0629.<\/li>\n<li>\u0646\u0636\u064a\u0641 \u0642\u064a\u0645\u0629 \u0625\u0644\u0649 \u0627\u0644\u0627\u0642\u062a\u0635\u0627\u062f \u0645\u0646 \u062e\u0644\u0627\u0644 \u0627\u0644\u0627\u0633\u062a\u062e\u062f\u0627\u0645 \u0627\u0644\u0641\u0639\u0627\u0644 \u0644\u0645\u0648\u0627\u0631\u062f \u0628\u0644\u062f\u0646\u0627.<\/li>\n<\/ul>\n<\/div><\/div><\/div><\/div><\/div><\/div><\/div><\/div><\/div><\/div><\/div><\/section>\n","protected":false},"excerpt":{"rendered":"\u062a\u0623\u0633\u0633\u062a \u0634\u0631\u0643\u0629 Weka Engineering Machinery \u0641\u064a \u0639\u0627\u0645 2001 \u0648\u062a\u0642\u0648\u0645 \u0628\u062a\u0635\u0646\u064a\u0639 \u0645\u0639\u062f\u0627\u062a \u0644\u0646\u0642\u0644 \u0648\u062e\u0644\u0637 \u0648\u0645\u0646\u0627\u0648\u0644\u0629 \u0627\u0644\u0645\u0648\u0627\u062f \u0627\u0644\u0635\u0644\u0628\u0629 \u0627\u0644\u0633\u0627\u0626\u0628\u0629 \u0645\u0646\u0630 \u0623\u0643\u062b\u0631 \u0645\u0646 20 \u0639\u0627\u0645\u064b\u0627. \u062a\u0642\u0639 \u0634\u0631\u0643\u0629 Weka Engineering Machinery \u0641\u064a \u0623\u0646\u0642\u0631\u0629 \u0648\u062a\u0642\u062f\u0645 \u0645\u0646\u062a\u062c\u0627\u062a\u0647\u0627 \u0644\u0644\u0639\u0645\u0644\u0627\u0621 \u0641\u064a \u062c\u0645\u064a\u0639 \u0623\u0646\u062d\u0627\u0621 \u0627\u0644\u0639\u0627\u0644\u0645\u060c \u0633\u0648\u0627\u0621 \u0628\u0634\u0643\u0644 \u0645\u0628\u0627\u0634\u0631 \u0623\u0648 \u0645\u0646 \u062e\u0644\u0627\u0644 \u0627\u0644\u0645\u0648\u0632\u0639\u064a\u0646. \u062a\u0634\u0645\u0644 \u0628\u0639\u0636 \u0627\u0644\u0645\u0639\u062f\u0627\u062a \u0627\u0644\u0635\u0646\u0627\u0639\u064a\u0629 \u0644\u0634\u0631\u0643\u0629 Weka Engineering Machinery \u0627\u0644\u0645\u062b\u0627\u0642\u0628 \u0623\u062d\u0627\u062f\u064a\u0629 \u0627\u0644\u062f\u0648\u0631\u0627\u0646 \u0648\u0627\u0644\u0645\u062b\u0627\u0642\u0628...","protected":false},"author":1,"featured_media":0,"parent":0,"menu_order":0,"comment_status":"closed","ping_status":"closed","template":"","meta":{"_acf_changed":false,"footnotes":""},"class_list":["post-9545","page","type-page","status-publish","hentry"],"acf":[],"yoast_head":"<!-- This site is optimized with the Yoast SEO plugin v27.0 - https:\/\/yoast.com\/product\/yoast-seo-wordpress\/ -->\n<title>\u0627\u0644\u0645\u0624\u0633\u0633\u064a\u0629 - WEKA M\u00fchendislik Makina<\/title>\n<meta name=\"description\" content=\"Weka M\u00fchendislik Makine 2001 y\u0131l\u0131nda kurulmu\u015f ve 20 y\u0131l\u0131 a\u015fk\u0131n s\u00fcredir, d\u00f6kme kat\u0131 malzemelerin ta\u015f\u0131nmas\u0131, kar\u0131\u015ft\u0131r\u0131lmas\u0131 ve nakli konusunda \u00fcretim g\u00f6stermektedir. Ankara merkezli olan Weka M\u00fchendislik Makine \u00fcr\u00fcnleri do\u011frudan ve bayiler arac\u0131l\u0131\u011f\u0131 ile d\u00fcnya pazar\u0131nda m\u00fc\u015fterilere sunmaktad\u0131r.\" \/>\n<meta name=\"robots\" content=\"index, follow, max-snippet:-1, max-image-preview:large, max-video-preview:-1\" \/>\n<link rel=\"canonical\" href=\"https:\/\/weka.com.tr\/ar\/\u0627\u0644\u0645\u0624\u0633\u0633\u064a\u0629\/\" \/>\n<meta property=\"og:locale\" content=\"ar_AR\" \/>\n<meta property=\"og:type\" content=\"article\" \/>\n<meta property=\"og:title\" content=\"\u0627\u0644\u0645\u0624\u0633\u0633\u064a\u0629 - WEKA M\u00fchendislik Makina\" \/>\n<meta property=\"og:description\" content=\"Weka M\u00fchendislik Makine 2001 y\u0131l\u0131nda kurulmu\u015f ve 20 y\u0131l\u0131 a\u015fk\u0131n s\u00fcredir, d\u00f6kme kat\u0131 malzemelerin ta\u015f\u0131nmas\u0131, kar\u0131\u015ft\u0131r\u0131lmas\u0131 ve nakli konusunda \u00fcretim g\u00f6stermektedir. Ankara merkezli olan Weka M\u00fchendislik Makine \u00fcr\u00fcnleri do\u011frudan ve bayiler arac\u0131l\u0131\u011f\u0131 ile d\u00fcnya pazar\u0131nda m\u00fc\u015fterilere sunmaktad\u0131r.\" \/>\n<meta property=\"og:url\" content=\"https:\/\/weka.com.tr\/ar\/\u0627\u0644\u0645\u0624\u0633\u0633\u064a\u0629\/\" \/>\n<meta property=\"og:site_name\" content=\"WEKA M\u00fchendislik Makina\" \/>\n<meta property=\"article:modified_time\" content=\"2026-01-16T11:15:31+00:00\" \/>\n<meta name=\"twitter:card\" content=\"summary_large_image\" \/>\n<meta name=\"twitter:label1\" content=\"\u0648\u0642\u062a \u0627\u0644\u0642\u0631\u0627\u0621\u0629 \u0627\u0644\u0645\u064f\u0642\u062f\u0651\u0631\" \/>\n\t<meta name=\"twitter:data1\" content=\"\u062f\u0642\u064a\u0642\u062a\u0627\u0646\" \/>\n<script type=\"application\/ld+json\" class=\"yoast-schema-graph\">{\"@context\":\"https:\/\/schema.org\",\"@graph\":[{\"@type\":\"WebPage\",\"@id\":\"https:\/\/weka.com.tr\/ar\/%d8%a7%d9%84%d9%85%d8%a4%d8%b3%d8%b3%d9%8a%d8%a9\/\",\"url\":\"https:\/\/weka.com.tr\/ar\/%d8%a7%d9%84%d9%85%d8%a4%d8%b3%d8%b3%d9%8a%d8%a9\/\",\"name\":\"\u0627\u0644\u0645\u0624\u0633\u0633\u064a\u0629 - WEKA M\u00fchendislik Makina\",\"isPartOf\":{\"@id\":\"https:\/\/weka.com.tr\/#website\"},\"datePublished\":\"2022-08-12T14:43:36+00:00\",\"dateModified\":\"2026-01-16T11:15:31+00:00\",\"description\":\"Weka M\u00fchendislik Makine 2001 y\u0131l\u0131nda kurulmu\u015f ve 20 y\u0131l\u0131 a\u015fk\u0131n s\u00fcredir, d\u00f6kme kat\u0131 malzemelerin ta\u015f\u0131nmas\u0131, kar\u0131\u015ft\u0131r\u0131lmas\u0131 ve nakli konusunda \u00fcretim g\u00f6stermektedir. Ankara merkezli olan Weka M\u00fchendislik Makine \u00fcr\u00fcnleri do\u011frudan ve bayiler arac\u0131l\u0131\u011f\u0131 ile d\u00fcnya pazar\u0131nda m\u00fc\u015fterilere sunmaktad\u0131r.\",\"breadcrumb\":{\"@id\":\"https:\/\/weka.com.tr\/ar\/%d8%a7%d9%84%d9%85%d8%a4%d8%b3%d8%b3%d9%8a%d8%a9\/#breadcrumb\"},\"inLanguage\":\"ar\",\"potentialAction\":[{\"@type\":\"ReadAction\",\"target\":[\"https:\/\/weka.com.tr\/ar\/%d8%a7%d9%84%d9%85%d8%a4%d8%b3%d8%b3%d9%8a%d8%a9\/\"]}]},{\"@type\":\"BreadcrumbList\",\"@id\":\"https:\/\/weka.com.tr\/ar\/%d8%a7%d9%84%d9%85%d8%a4%d8%b3%d8%b3%d9%8a%d8%a9\/#breadcrumb\",\"itemListElement\":[{\"@type\":\"ListItem\",\"position\":1,\"name\":\"Anasayfa\",\"item\":\"https:\/\/weka.com.tr\/ar\/home\/\"},{\"@type\":\"ListItem\",\"position\":2,\"name\":\"\u0627\u0644\u0645\u0624\u0633\u0633\u064a\u0629\"}]},{\"@type\":\"WebSite\",\"@id\":\"https:\/\/weka.com.tr\/#website\",\"url\":\"https:\/\/weka.com.tr\/\",\"name\":\"WEKA M\u00fchendislik Makina\",\"description\":\"\",\"publisher\":{\"@id\":\"https:\/\/weka.com.tr\/#organization\"},\"potentialAction\":[{\"@type\":\"SearchAction\",\"target\":{\"@type\":\"EntryPoint\",\"urlTemplate\":\"https:\/\/weka.com.tr\/?s={search_term_string}\"},\"query-input\":{\"@type\":\"PropertyValueSpecification\",\"valueRequired\":true,\"valueName\":\"search_term_string\"}}],\"inLanguage\":\"ar\"},{\"@type\":\"Organization\",\"@id\":\"https:\/\/weka.com.tr\/#organization\",\"name\":\"WEKA M\u00fchendislik Makina\",\"url\":\"https:\/\/weka.com.tr\/\",\"logo\":{\"@type\":\"ImageObject\",\"inLanguage\":\"ar\",\"@id\":\"https:\/\/weka.com.tr\/#\/schema\/logo\/image\/\",\"url\":\"https:\/\/weka.com.tr\/wp-content\/uploads\/2025\/11\/logo-b-s.svg\",\"contentUrl\":\"https:\/\/weka.com.tr\/wp-content\/uploads\/2025\/11\/logo-b-s.svg\",\"width\":\"1024\",\"height\":\"1024\",\"caption\":\"WEKA M\u00fchendislik Makina\"},\"image\":{\"@id\":\"https:\/\/weka.com.tr\/#\/schema\/logo\/image\/\"}}]}<\/script>\n<!-- \/ Yoast SEO plugin. -->","yoast_head_json":{"title":"\u0627\u0644\u0645\u0624\u0633\u0633\u064a\u0629 - WEKA M\u00fchendislik Makina","description":"Weka M\u00fchendislik Makine 2001 y\u0131l\u0131nda kurulmu\u015f ve 20 y\u0131l\u0131 a\u015fk\u0131n s\u00fcredir, d\u00f6kme kat\u0131 malzemelerin ta\u015f\u0131nmas\u0131, kar\u0131\u015ft\u0131r\u0131lmas\u0131 ve nakli konusunda \u00fcretim g\u00f6stermektedir. Ankara merkezli olan Weka M\u00fchendislik Makine \u00fcr\u00fcnleri do\u011frudan ve bayiler arac\u0131l\u0131\u011f\u0131 ile d\u00fcnya pazar\u0131nda m\u00fc\u015fterilere sunmaktad\u0131r.","robots":{"index":"index","follow":"follow","max-snippet":"max-snippet:-1","max-image-preview":"max-image-preview:large","max-video-preview":"max-video-preview:-1"},"canonical":"https:\/\/weka.com.tr\/ar\/\u0627\u0644\u0645\u0624\u0633\u0633\u064a\u0629\/","og_locale":"ar_AR","og_type":"article","og_title":"\u0627\u0644\u0645\u0624\u0633\u0633\u064a\u0629 - WEKA M\u00fchendislik Makina","og_description":"Weka M\u00fchendislik Makine 2001 y\u0131l\u0131nda kurulmu\u015f ve 20 y\u0131l\u0131 a\u015fk\u0131n s\u00fcredir, d\u00f6kme kat\u0131 malzemelerin ta\u015f\u0131nmas\u0131, kar\u0131\u015ft\u0131r\u0131lmas\u0131 ve nakli konusunda \u00fcretim g\u00f6stermektedir. Ankara merkezli olan Weka M\u00fchendislik Makine \u00fcr\u00fcnleri do\u011frudan ve bayiler arac\u0131l\u0131\u011f\u0131 ile d\u00fcnya pazar\u0131nda m\u00fc\u015fterilere sunmaktad\u0131r.","og_url":"https:\/\/weka.com.tr\/ar\/\u0627\u0644\u0645\u0624\u0633\u0633\u064a\u0629\/","og_site_name":"WEKA M\u00fchendislik Makina","article_modified_time":"2026-01-16T11:15:31+00:00","twitter_card":"summary_large_image","twitter_misc":{"\u0648\u0642\u062a \u0627\u0644\u0642\u0631\u0627\u0621\u0629 \u0627\u0644\u0645\u064f\u0642\u062f\u0651\u0631":"\u062f\u0642\u064a\u0642\u062a\u0627\u0646"},"schema":{"@context":"https:\/\/schema.org","@graph":[{"@type":"WebPage","@id":"https:\/\/weka.com.tr\/ar\/%d8%a7%d9%84%d9%85%d8%a4%d8%b3%d8%b3%d9%8a%d8%a9\/","url":"https:\/\/weka.com.tr\/ar\/%d8%a7%d9%84%d9%85%d8%a4%d8%b3%d8%b3%d9%8a%d8%a9\/","name":"\u0627\u0644\u0645\u0624\u0633\u0633\u064a\u0629 - WEKA M\u00fchendislik Makina","isPartOf":{"@id":"https:\/\/weka.com.tr\/#website"},"datePublished":"2022-08-12T14:43:36+00:00","dateModified":"2026-01-16T11:15:31+00:00","description":"Weka M\u00fchendislik Makine 2001 y\u0131l\u0131nda kurulmu\u015f ve 20 y\u0131l\u0131 a\u015fk\u0131n s\u00fcredir, d\u00f6kme kat\u0131 malzemelerin ta\u015f\u0131nmas\u0131, kar\u0131\u015ft\u0131r\u0131lmas\u0131 ve nakli konusunda \u00fcretim g\u00f6stermektedir. Ankara merkezli olan Weka M\u00fchendislik Makine \u00fcr\u00fcnleri do\u011frudan ve bayiler arac\u0131l\u0131\u011f\u0131 ile d\u00fcnya pazar\u0131nda m\u00fc\u015fterilere sunmaktad\u0131r.","breadcrumb":{"@id":"https:\/\/weka.com.tr\/ar\/%d8%a7%d9%84%d9%85%d8%a4%d8%b3%d8%b3%d9%8a%d8%a9\/#breadcrumb"},"inLanguage":"ar","potentialAction":[{"@type":"ReadAction","target":["https:\/\/weka.com.tr\/ar\/%d8%a7%d9%84%d9%85%d8%a4%d8%b3%d8%b3%d9%8a%d8%a9\/"]}]},{"@type":"BreadcrumbList","@id":"https:\/\/weka.com.tr\/ar\/%d8%a7%d9%84%d9%85%d8%a4%d8%b3%d8%b3%d9%8a%d8%a9\/#breadcrumb","itemListElement":[{"@type":"ListItem","position":1,"name":"Anasayfa","item":"https:\/\/weka.com.tr\/ar\/home\/"},{"@type":"ListItem","position":2,"name":"\u0627\u0644\u0645\u0624\u0633\u0633\u064a\u0629"}]},{"@type":"WebSite","@id":"https:\/\/weka.com.tr\/#website","url":"https:\/\/weka.com.tr\/","name":"WEKA M\u00fchendislik Makina","description":"","publisher":{"@id":"https:\/\/weka.com.tr\/#organization"},"potentialAction":[{"@type":"SearchAction","target":{"@type":"EntryPoint","urlTemplate":"https:\/\/weka.com.tr\/?s={search_term_string}"},"query-input":{"@type":"PropertyValueSpecification","valueRequired":true,"valueName":"search_term_string"}}],"inLanguage":"ar"},{"@type":"Organization","@id":"https:\/\/weka.com.tr\/#organization","name":"WEKA M\u00fchendislik Makina","url":"https:\/\/weka.com.tr\/","logo":{"@type":"ImageObject","inLanguage":"ar","@id":"https:\/\/weka.com.tr\/#\/schema\/logo\/image\/","url":"https:\/\/weka.com.tr\/wp-content\/uploads\/2025\/11\/logo-b-s.svg","contentUrl":"https:\/\/weka.com.tr\/wp-content\/uploads\/2025\/11\/logo-b-s.svg","width":"1024","height":"1024","caption":"WEKA M\u00fchendislik Makina"},"image":{"@id":"https:\/\/weka.com.tr\/#\/schema\/logo\/image\/"}}]}},"_links":{"self":[{"href":"https:\/\/weka.com.tr\/ar\/wp-json\/wp\/v2\/pages\/9545","targetHints":{"allow":["GET"]}}],"collection":[{"href":"https:\/\/weka.com.tr\/ar\/wp-json\/wp\/v2\/pages"}],"about":[{"href":"https:\/\/weka.com.tr\/ar\/wp-json\/wp\/v2\/types\/page"}],"author":[{"embeddable":true,"href":"https:\/\/weka.com.tr\/ar\/wp-json\/wp\/v2\/users\/1"}],"replies":[{"embeddable":true,"href":"https:\/\/weka.com.tr\/ar\/wp-json\/wp\/v2\/comments?post=9545"}],"version-history":[{"count":0,"href":"https:\/\/weka.com.tr\/ar\/wp-json\/wp\/v2\/pages\/9545\/revisions"}],"wp:attachment":[{"href":"https:\/\/weka.com.tr\/ar\/wp-json\/wp\/v2\/media?parent=9545"}],"curies":[{"name":"wp","href":"https:\/\/api.w.org\/{rel}","templated":true}]}}