{"id":15909,"date":"2022-08-13T15:30:10","date_gmt":"2022-08-13T12:30:10","guid":{"rendered":"https:\/\/weka.com.tr\/blog\/"},"modified":"2026-01-16T14:18:36","modified_gmt":"2026-01-16T11:18:36","slug":"%d9%85%d8%af%d9%88%d9%86%d8%a9","status":"publish","type":"page","link":"https:\/\/weka.com.tr\/ar\/%d9%85%d8%af%d9%88%d9%86%d8%a9\/","title":{"rendered":"\u0645\u062f\u0648\u0646\u0629"},"content":{"rendered":"<section class=\"l-section wpb_row height_custom\"><div class=\"l-section-h i-cf\"><div class=\"g-cols vc_row via_grid cols_1 laptops-cols_inherit tablets-cols_inherit mobiles-cols_1 valign_top type_default stacking_default\"><div class=\"wpb_column vc_column_container\"><div class=\"vc_column-inner\"><div class=\"w-grid us_post_list type_grid layout_8610 hidden cols_3 pagination_load_on_scroll preload_style_spinner\" id=\"us_post_list_ja3b\" style=\"--columns:3;--gap:1.5rem;\"><style>@media (max-width:1024px){#us_post_list_ja3b{--columns:2!important}}@media (max-width:600px){#us_post_list_ja3b{--columns:1!important}}.layout_8610 .w-grid-item-h{}.layout_8610 .usg_vwrapper_1{transition-duration:0.3s;transform-origin:50% 50%;transform:scale(1) translate(0%,0%)}.layout_8610 .w-grid-item-h:focus-within .usg_vwrapper_1,.layout_8610 .w-grid-item-h:hover .usg_vwrapper_1{transform:scale(1) translate(0%,0%);opacity:1;border-color:var(--color-content-primary)!important}.layout_8610 .usg_post_title_1{font-size:1.4rem!important}.layout_8610 .usg_post_image_1{margin-top:0.6rem!important}.layout_8610 .usg_post_content_1{font-size:0.9rem!important;line-height:1.7!important;margin-top:0.8rem!important}.layout_8610 .usg_vwrapper_1{padding:30px!important;border:2px solid #999999!important}@media (max-width:600px){.layout_8610 .usg_post_title_1{font-size:1.2rem!important}}<\/style><div class=\"w-grid-list\"><\/div><div class=\"g-loadmore hidden\"><div class=\"g-preloader type_1\"><div><\/div><\/div><\/div><div class=\"w-grid-list-json hidden\" onclick='return {&quot;max_num_pages&quot;:0,&quot;paginationBase&quot;:&quot;page&quot;,&quot;pagination&quot;:&quot;load_on_scroll&quot;,&quot;paged&quot;:1,&quot;ajaxData&quot;:{&quot;action&quot;:&quot;us_ajax_post_list&quot;,&quot;meta_type&quot;:&quot;post&quot;,&quot;object_id&quot;:0,&quot;template_vars&quot;:{&quot;shortcode_base&quot;:&quot;us_post_list&quot;,&quot;paged&quot;:1,&quot;max_num_pages&quot;:0,&quot;no_results&quot;:true,&quot;us_post_content_design_css&quot;:[],&quot;found_posts&quot;:0,&quot;items_count&quot;:0,&quot;source&quot;:&quot;all&quot;,&quot;custom_field_name&quot;:&quot;&quot;,&quot;ids&quot;:&quot;&quot;,&quot;post_type&quot;:&quot;post&quot;,&quot;attachment_ids&quot;:null,&quot;include_post_thumbnail&quot;:0,&quot;post_author&quot;:&quot;any&quot;,&quot;post_author_ids&quot;:&quot;&quot;,&quot;apply_url_params&quot;:0,&quot;ignore_sticky_posts&quot;:1,&quot;exclude_children&quot;:0,&quot;exclude_current_post&quot;:1,&quot;exclude_prev_posts&quot;:0,&quot;exclude_past_events&quot;:0,&quot;enable_items_offset&quot;:0,&quot;items_offset&quot;:&quot;1&quot;,&quot;tax_query_relation&quot;:&quot;none&quot;,&quot;tax_query&quot;:[{&quot;operator&quot;:&quot;IN&quot;,&quot;taxonomy&quot;:&quot;category&quot;,&quot;terms&quot;:&quot;&quot;,&quot;include_children&quot;:0}],&quot;meta_query_relation&quot;:&quot;none&quot;,&quot;meta_query&quot;:[{&quot;key&quot;:&quot;custom_field_name&quot;,&quot;compare&quot;:&quot;=&quot;,&quot;value&quot;:&quot;&quot;}],&quot;orderby&quot;:&quot;date&quot;,&quot;orderby_custom_field&quot;:&quot;&quot;,&quot;orderby_custom_type&quot;:0,&quot;order_invert&quot;:&quot;1&quot;,&quot;show_all&quot;:0,&quot;quantity&quot;:&quot;12&quot;,&quot;posts_per_archive_page&quot;:0,&quot;no_items_action&quot;:&quot;message&quot;,&quot;no_items_message&quot;:&quot;\\u0644\\u0627 \\u062a\\u0648\\u062c\\u062f \\u0646\\u062a\\u0627\\u0626\\u062c.&quot;,&quot;no_items_page_block&quot;:&quot;&quot;,&quot;pagination&quot;:&quot;load_on_scroll&quot;,&quot;pagination_style&quot;:&quot;&quot;,&quot;pagination_btn_text&quot;:&quot;Load More&quot;,&quot;pagination_btn_size&quot;:&quot;&quot;,&quot;pagination_btn_style&quot;:&quot;1&quot;,&quot;pagination_btn_fullwidth&quot;:0,&quot;items_layout&quot;:&quot;8610&quot;,&quot;type&quot;:&quot;grid&quot;,&quot;items_valign&quot;:0,&quot;ignore_items_size&quot;:0,&quot;columns&quot;:&quot;3&quot;,&quot;items_gap&quot;:&quot;1.5rem&quot;,&quot;load_animation&quot;:&quot;none&quot;,&quot;items_preload_style&quot;:&quot;spinner&quot;,&quot;img_size&quot;:&quot;default&quot;,&quot;title_size&quot;:&quot;&quot;,&quot;items_ratio&quot;:&quot;default&quot;,&quot;items_ratio_width&quot;:&quot;21&quot;,&quot;items_ratio_height&quot;:&quot;9&quot;,&quot;overriding_link&quot;:&quot;%7B%22url%22%3A%22%22%7D&quot;,&quot;popup_page_template&quot;:&quot;0&quot;,&quot;popup_width&quot;:&quot;&quot;,&quot;popup_arrows&quot;:1,&quot;breakpoint_1_width&quot;:&quot;1281px&quot;,&quot;breakpoint_1_cols&quot;:&quot;default&quot;,&quot;breakpoint_1_quantity&quot;:&quot;&quot;,&quot;breakpoint_1_gap&quot;:&quot;&quot;,&quot;breakpoint_2_width&quot;:&quot;1025px&quot;,&quot;breakpoint_2_cols&quot;:&quot;2&quot;,&quot;breakpoint_2_quantity&quot;:&quot;&quot;,&quot;breakpoint_2_gap&quot;:&quot;&quot;,&quot;breakpoint_3_width&quot;:&quot;601px&quot;,&quot;breakpoint_3_cols&quot;:&quot;1&quot;,&quot;breakpoint_3_quantity&quot;:&quot;&quot;,&quot;breakpoint_3_gap&quot;:&quot;&quot;,&quot;conditions_operator&quot;:&quot;always&quot;,&quot;conditions&quot;:[],&quot;css&quot;:null,&quot;el_class&quot;:&quot;&quot;,&quot;el_id&quot;:&quot;&quot;,&quot;enable_custom_html_atts&quot;:0,&quot;custom_html_atts&quot;:null,&quot;hide_on_states&quot;:&quot;&quot;,&quot;hide_for_sticky&quot;:0,&quot;hide_for_not_sticky&quot;:0,&quot;hide_below&quot;:&quot;0px&quot;,&quot;hide_above&quot;:&quot;0px&quot;,&quot;classes&quot;:&quot;&quot;}},&quot;facetedFilter&quot;:[]}'><\/div><\/div><div class=\"w-grid-none type_message\">\u0644\u0627 \u062a\u0648\u062c\u062f \u0646\u062a\u0627\u0626\u062c.<\/div><\/div><\/div><\/div><\/div><\/section>\n","protected":false},"excerpt":{"rendered":"\u0644\u0627 \u062a\u0648\u062c\u062f \u0646\u062a\u0627\u0626\u062c.","protected":false},"author":1,"featured_media":0,"parent":0,"menu_order":0,"comment_status":"closed","ping_status":"closed","template":"","meta":{"_acf_changed":false,"footnotes":""},"class_list":["post-15909","page","type-page","status-publish","hentry"],"acf":[],"yoast_head":"<!-- This site is optimized with the Yoast SEO plugin v27.0 - https:\/\/yoast.com\/product\/yoast-seo-wordpress\/ -->\n<title>\u0645\u062f\u0648\u0646\u0629 - WEKA M\u00fchendislik Makina<\/title>\n<meta name=\"description\" content=\"Weka M\u00fchendislik Makine 2001 y\u0131l\u0131nda kurulmu\u015f ve 20 y\u0131l\u0131 a\u015fk\u0131n s\u00fcredir, d\u00f6kme kat\u0131 malzemelerin ta\u015f\u0131nmas\u0131, kar\u0131\u015ft\u0131r\u0131lmas\u0131 ve nakli konusunda \u00fcretim g\u00f6stermektedir. Ankara merkezli olan Weka M\u00fchendislik Makine \u00fcr\u00fcnleri do\u011frudan ve bayiler arac\u0131l\u0131\u011f\u0131 ile d\u00fcnya pazar\u0131nda m\u00fc\u015fterilere sunmaktad\u0131r.\" \/>\n<meta name=\"robots\" content=\"index, follow, max-snippet:-1, max-image-preview:large, max-video-preview:-1\" \/>\n<link rel=\"canonical\" href=\"https:\/\/weka.com.tr\/ar\/\u0645\u062f\u0648\u0646\u0629\/\" \/>\n<meta property=\"og:locale\" content=\"ar_AR\" \/>\n<meta property=\"og:type\" content=\"article\" \/>\n<meta property=\"og:title\" content=\"\u0645\u062f\u0648\u0646\u0629 - WEKA M\u00fchendislik Makina\" \/>\n<meta property=\"og:description\" content=\"Weka M\u00fchendislik Makine 2001 y\u0131l\u0131nda kurulmu\u015f ve 20 y\u0131l\u0131 a\u015fk\u0131n s\u00fcredir, d\u00f6kme kat\u0131 malzemelerin ta\u015f\u0131nmas\u0131, kar\u0131\u015ft\u0131r\u0131lmas\u0131 ve nakli konusunda \u00fcretim g\u00f6stermektedir. Ankara merkezli olan Weka M\u00fchendislik Makine \u00fcr\u00fcnleri do\u011frudan ve bayiler arac\u0131l\u0131\u011f\u0131 ile d\u00fcnya pazar\u0131nda m\u00fc\u015fterilere sunmaktad\u0131r.\" \/>\n<meta property=\"og:url\" content=\"https:\/\/weka.com.tr\/ar\/\u0645\u062f\u0648\u0646\u0629\/\" \/>\n<meta property=\"og:site_name\" content=\"WEKA M\u00fchendislik Makina\" \/>\n<meta property=\"article:modified_time\" content=\"2026-01-16T11:18:36+00:00\" \/>\n<meta name=\"twitter:card\" content=\"summary_large_image\" \/>\n<script type=\"application\/ld+json\" class=\"yoast-schema-graph\">{\"@context\":\"https:\/\/schema.org\",\"@graph\":[{\"@type\":\"WebPage\",\"@id\":\"https:\/\/weka.com.tr\/ar\/%d9%85%d8%af%d9%88%d9%86%d8%a9\/\",\"url\":\"https:\/\/weka.com.tr\/ar\/%d9%85%d8%af%d9%88%d9%86%d8%a9\/\",\"name\":\"\u0645\u062f\u0648\u0646\u0629 - WEKA M\u00fchendislik Makina\",\"isPartOf\":{\"@id\":\"https:\/\/weka.com.tr\/#website\"},\"datePublished\":\"2022-08-13T12:30:10+00:00\",\"dateModified\":\"2026-01-16T11:18:36+00:00\",\"description\":\"Weka M\u00fchendislik Makine 2001 y\u0131l\u0131nda kurulmu\u015f ve 20 y\u0131l\u0131 a\u015fk\u0131n s\u00fcredir, d\u00f6kme kat\u0131 malzemelerin ta\u015f\u0131nmas\u0131, kar\u0131\u015ft\u0131r\u0131lmas\u0131 ve nakli konusunda \u00fcretim g\u00f6stermektedir. Ankara merkezli olan Weka M\u00fchendislik Makine \u00fcr\u00fcnleri do\u011frudan ve bayiler arac\u0131l\u0131\u011f\u0131 ile d\u00fcnya pazar\u0131nda m\u00fc\u015fterilere sunmaktad\u0131r.\",\"breadcrumb\":{\"@id\":\"https:\/\/weka.com.tr\/ar\/%d9%85%d8%af%d9%88%d9%86%d8%a9\/#breadcrumb\"},\"inLanguage\":\"ar\",\"potentialAction\":[{\"@type\":\"ReadAction\",\"target\":[\"https:\/\/weka.com.tr\/ar\/%d9%85%d8%af%d9%88%d9%86%d8%a9\/\"]}]},{\"@type\":\"BreadcrumbList\",\"@id\":\"https:\/\/weka.com.tr\/ar\/%d9%85%d8%af%d9%88%d9%86%d8%a9\/#breadcrumb\",\"itemListElement\":[{\"@type\":\"ListItem\",\"position\":1,\"name\":\"Anasayfa\",\"item\":\"https:\/\/weka.com.tr\/ar\/home\/\"},{\"@type\":\"ListItem\",\"position\":2,\"name\":\"\u0645\u062f\u0648\u0646\u0629\"}]},{\"@type\":\"WebSite\",\"@id\":\"https:\/\/weka.com.tr\/#website\",\"url\":\"https:\/\/weka.com.tr\/\",\"name\":\"WEKA M\u00fchendislik Makina\",\"description\":\"\",\"publisher\":{\"@id\":\"https:\/\/weka.com.tr\/#organization\"},\"potentialAction\":[{\"@type\":\"SearchAction\",\"target\":{\"@type\":\"EntryPoint\",\"urlTemplate\":\"https:\/\/weka.com.tr\/?s={search_term_string}\"},\"query-input\":{\"@type\":\"PropertyValueSpecification\",\"valueRequired\":true,\"valueName\":\"search_term_string\"}}],\"inLanguage\":\"ar\"},{\"@type\":\"Organization\",\"@id\":\"https:\/\/weka.com.tr\/#organization\",\"name\":\"WEKA M\u00fchendislik Makina\",\"url\":\"https:\/\/weka.com.tr\/\",\"logo\":{\"@type\":\"ImageObject\",\"inLanguage\":\"ar\",\"@id\":\"https:\/\/weka.com.tr\/#\/schema\/logo\/image\/\",\"url\":\"https:\/\/weka.com.tr\/wp-content\/uploads\/2025\/11\/logo-b-s.svg\",\"contentUrl\":\"https:\/\/weka.com.tr\/wp-content\/uploads\/2025\/11\/logo-b-s.svg\",\"width\":\"1024\",\"height\":\"1024\",\"caption\":\"WEKA M\u00fchendislik Makina\"},\"image\":{\"@id\":\"https:\/\/weka.com.tr\/#\/schema\/logo\/image\/\"}}]}<\/script>\n<!-- \/ Yoast SEO plugin. -->","yoast_head_json":{"title":"\u0645\u062f\u0648\u0646\u0629 - WEKA M\u00fchendislik Makina","description":"Weka M\u00fchendislik Makine 2001 y\u0131l\u0131nda kurulmu\u015f ve 20 y\u0131l\u0131 a\u015fk\u0131n s\u00fcredir, d\u00f6kme kat\u0131 malzemelerin ta\u015f\u0131nmas\u0131, kar\u0131\u015ft\u0131r\u0131lmas\u0131 ve nakli konusunda \u00fcretim g\u00f6stermektedir. Ankara merkezli olan Weka M\u00fchendislik Makine \u00fcr\u00fcnleri do\u011frudan ve bayiler arac\u0131l\u0131\u011f\u0131 ile d\u00fcnya pazar\u0131nda m\u00fc\u015fterilere sunmaktad\u0131r.","robots":{"index":"index","follow":"follow","max-snippet":"max-snippet:-1","max-image-preview":"max-image-preview:large","max-video-preview":"max-video-preview:-1"},"canonical":"https:\/\/weka.com.tr\/ar\/\u0645\u062f\u0648\u0646\u0629\/","og_locale":"ar_AR","og_type":"article","og_title":"\u0645\u062f\u0648\u0646\u0629 - WEKA M\u00fchendislik Makina","og_description":"Weka M\u00fchendislik Makine 2001 y\u0131l\u0131nda kurulmu\u015f ve 20 y\u0131l\u0131 a\u015fk\u0131n s\u00fcredir, d\u00f6kme kat\u0131 malzemelerin ta\u015f\u0131nmas\u0131, kar\u0131\u015ft\u0131r\u0131lmas\u0131 ve nakli konusunda \u00fcretim g\u00f6stermektedir. Ankara merkezli olan Weka M\u00fchendislik Makine \u00fcr\u00fcnleri do\u011frudan ve bayiler arac\u0131l\u0131\u011f\u0131 ile d\u00fcnya pazar\u0131nda m\u00fc\u015fterilere sunmaktad\u0131r.","og_url":"https:\/\/weka.com.tr\/ar\/\u0645\u062f\u0648\u0646\u0629\/","og_site_name":"WEKA M\u00fchendislik Makina","article_modified_time":"2026-01-16T11:18:36+00:00","twitter_card":"summary_large_image","schema":{"@context":"https:\/\/schema.org","@graph":[{"@type":"WebPage","@id":"https:\/\/weka.com.tr\/ar\/%d9%85%d8%af%d9%88%d9%86%d8%a9\/","url":"https:\/\/weka.com.tr\/ar\/%d9%85%d8%af%d9%88%d9%86%d8%a9\/","name":"\u0645\u062f\u0648\u0646\u0629 - WEKA M\u00fchendislik Makina","isPartOf":{"@id":"https:\/\/weka.com.tr\/#website"},"datePublished":"2022-08-13T12:30:10+00:00","dateModified":"2026-01-16T11:18:36+00:00","description":"Weka M\u00fchendislik Makine 2001 y\u0131l\u0131nda kurulmu\u015f ve 20 y\u0131l\u0131 a\u015fk\u0131n s\u00fcredir, d\u00f6kme kat\u0131 malzemelerin ta\u015f\u0131nmas\u0131, kar\u0131\u015ft\u0131r\u0131lmas\u0131 ve nakli konusunda \u00fcretim g\u00f6stermektedir. Ankara merkezli olan Weka M\u00fchendislik Makine \u00fcr\u00fcnleri do\u011frudan ve bayiler arac\u0131l\u0131\u011f\u0131 ile d\u00fcnya pazar\u0131nda m\u00fc\u015fterilere sunmaktad\u0131r.","breadcrumb":{"@id":"https:\/\/weka.com.tr\/ar\/%d9%85%d8%af%d9%88%d9%86%d8%a9\/#breadcrumb"},"inLanguage":"ar","potentialAction":[{"@type":"ReadAction","target":["https:\/\/weka.com.tr\/ar\/%d9%85%d8%af%d9%88%d9%86%d8%a9\/"]}]},{"@type":"BreadcrumbList","@id":"https:\/\/weka.com.tr\/ar\/%d9%85%d8%af%d9%88%d9%86%d8%a9\/#breadcrumb","itemListElement":[{"@type":"ListItem","position":1,"name":"Anasayfa","item":"https:\/\/weka.com.tr\/ar\/home\/"},{"@type":"ListItem","position":2,"name":"\u0645\u062f\u0648\u0646\u0629"}]},{"@type":"WebSite","@id":"https:\/\/weka.com.tr\/#website","url":"https:\/\/weka.com.tr\/","name":"WEKA M\u00fchendislik Makina","description":"","publisher":{"@id":"https:\/\/weka.com.tr\/#organization"},"potentialAction":[{"@type":"SearchAction","target":{"@type":"EntryPoint","urlTemplate":"https:\/\/weka.com.tr\/?s={search_term_string}"},"query-input":{"@type":"PropertyValueSpecification","valueRequired":true,"valueName":"search_term_string"}}],"inLanguage":"ar"},{"@type":"Organization","@id":"https:\/\/weka.com.tr\/#organization","name":"WEKA M\u00fchendislik Makina","url":"https:\/\/weka.com.tr\/","logo":{"@type":"ImageObject","inLanguage":"ar","@id":"https:\/\/weka.com.tr\/#\/schema\/logo\/image\/","url":"https:\/\/weka.com.tr\/wp-content\/uploads\/2025\/11\/logo-b-s.svg","contentUrl":"https:\/\/weka.com.tr\/wp-content\/uploads\/2025\/11\/logo-b-s.svg","width":"1024","height":"1024","caption":"WEKA M\u00fchendislik Makina"},"image":{"@id":"https:\/\/weka.com.tr\/#\/schema\/logo\/image\/"}}]}},"_links":{"self":[{"href":"https:\/\/weka.com.tr\/ar\/wp-json\/wp\/v2\/pages\/15909","targetHints":{"allow":["GET"]}}],"collection":[{"href":"https:\/\/weka.com.tr\/ar\/wp-json\/wp\/v2\/pages"}],"about":[{"href":"https:\/\/weka.com.tr\/ar\/wp-json\/wp\/v2\/types\/page"}],"author":[{"embeddable":true,"href":"https:\/\/weka.com.tr\/ar\/wp-json\/wp\/v2\/users\/1"}],"replies":[{"embeddable":true,"href":"https:\/\/weka.com.tr\/ar\/wp-json\/wp\/v2\/comments?post=15909"}],"version-history":[{"count":0,"href":"https:\/\/weka.com.tr\/ar\/wp-json\/wp\/v2\/pages\/15909\/revisions"}],"wp:attachment":[{"href":"https:\/\/weka.com.tr\/ar\/wp-json\/wp\/v2\/media?parent=15909"}],"curies":[{"name":"wp","href":"https:\/\/api.w.org\/{rel}","templated":true}]}}