{"id":15898,"date":"2024-11-05T11:39:57","date_gmt":"2024-11-05T08:39:57","guid":{"rendered":"https:\/\/weka.com.tr\/urunler-2\/"},"modified":"2026-01-22T16:11:06","modified_gmt":"2026-01-22T13:11:06","slug":"%d8%a7%d9%84%d9%85%d9%86%d8%aa%d8%ac%d8%a7%d8%aa","status":"publish","type":"page","link":"https:\/\/weka.com.tr\/ar\/%d8%a7%d9%84%d9%85%d9%86%d8%aa%d8%ac%d8%a7%d8%aa\/","title":{"rendered":"\u0627\u0644\u0645\u0646\u062a\u062c\u0627\u062a"},"content":{"rendered":"<section class=\"l-section wpb_row height_custom\"><div class=\"l-section-h i-cf\"><div class=\"g-cols vc_row via_grid cols_1 laptops-cols_inherit tablets-cols_inherit mobiles-cols_1 valign_top type_default stacking_default\"><div class=\"wpb_column vc_column_container\"><div class=\"vc_column-inner\"><div class=\"w-grid us_term_list type_grid layout_15702 cols_2 preload_style_spinner\" id=\"us_grid_nc1e\" style=\"--columns:2;--gap:26px;\"><style>.layout_15702 .w-grid-item-h{}.layout_15702 .usg_post_title_1{transition-duration:0.3s;transform-origin:50% 50%;transform:scale(1) translate(0%,0%)}.layout_15702 .w-grid-item-h:focus-within .usg_post_title_1,.layout_15702 .w-grid-item-h:hover .usg_post_title_1{transform:scale(1) translate(0%,-15%);opacity:1;color:var(--color-content-link-hover)!important}.layout_15702 .usg_post_custom_field_1{transition-duration:0.3s;transform-origin:50% 50%;transform:scale(1) translate(0%,0%)}.layout_15702 .w-grid-item-h:focus-within .usg_post_custom_field_1,.layout_15702 .w-grid-item-h:hover .usg_post_custom_field_1{transform:scale(1.2) translate(0%,0%);opacity:1}.layout_15702 .usg_post_title_1{font-size:1.2rem!important}.layout_15702 .usg_post_custom_field_1{width:30%!important;margin-right:5%!important}<\/style><div class=\"w-grid-list\">\t<div class=\"w-grid-item type_term term-267 term-%d8%a7%d9%84%d9%86%d8%a7%d9%82%d9%84%d8%a7%d8%aa ratio_1x1\">\r\n\t\t<div class=\"w-grid-item-h\">\r\n\t\t\t\t\t\t<div class=\"w-hwrapper usg_hwrapper_1 align_center valign_middle has-link\"><div class=\"w-post-elm post_custom_field usg_post_custom_field_1 type_image kategori_ikon_renkli color_link_inherit\"><img loading=\"lazy\" decoding=\"async\" width=\"400\" height=\"300\" src=\"https:\/\/weka.com.tr\/wp-content\/uploads\/2025\/11\/icon-r-01.png\" class=\"attachment-large size-large\" alt=\"\" srcset=\"https:\/\/weka.com.tr\/wp-content\/uploads\/2025\/11\/icon-r-01.png 400w, https:\/\/weka.com.tr\/wp-content\/uploads\/2025\/11\/icon-r-01-300x225.png 300w\" sizes=\"auto, (max-width: 400px) 100vw, 400px\" \/><\/div><h2 class=\"w-post-elm post_title usg_post_title_1 entry-title color_link_inherit\"><a href=\"https:\/\/weka.com.tr\/ar\/urun_kategorileri\/\u0627\u0644\u0646\u0627\u0642\u0644\u0627\u062a\/\">\u0627\u0644\u0646\u0627\u0642\u0644\u0627\u062a<\/a><\/h2><a href=\"https:\/\/weka.com.tr\/ar\/urun_kategorileri\/\u0627\u0644\u0646\u0627\u0642\u0644\u0627\u062a\/\" class=\"w-vwrapper-link smooth-scroll\" aria-label=\"\u0631\u0627\u0628\u0637\"><\/a><\/div>\t\t<\/div>\r\n\t\t\t<\/div>\r\n\t<div class=\"w-grid-item type_term term-266 term-%d8%a7%d9%84%d9%85%d9%86%d8%aa%d8%ac%d8%a7%d8%aa-%d8%a7%d9%84%d8%b5%d9%86%d8%a7%d8%b9%d9%8a%d8%a9 ratio_1x1\">\r\n\t\t<div class=\"w-grid-item-h\">\r\n\t\t\t\t\t\t<div class=\"w-hwrapper usg_hwrapper_1 align_center valign_middle has-link\"><div class=\"w-post-elm post_custom_field usg_post_custom_field_1 type_image kategori_ikon_renkli color_link_inherit\"><img loading=\"lazy\" decoding=\"async\" width=\"400\" height=\"300\" src=\"https:\/\/weka.com.tr\/wp-content\/uploads\/2025\/11\/icon-r-04.png\" class=\"attachment-large size-large\" alt=\"\" srcset=\"https:\/\/weka.com.tr\/wp-content\/uploads\/2025\/11\/icon-r-04.png 400w, https:\/\/weka.com.tr\/wp-content\/uploads\/2025\/11\/icon-r-04-300x225.png 300w\" sizes=\"auto, (max-width: 400px) 100vw, 400px\" \/><\/div><h2 class=\"w-post-elm post_title usg_post_title_1 entry-title color_link_inherit\"><a href=\"https:\/\/weka.com.tr\/ar\/urun_kategorileri\/\u0627\u0644\u0645\u0646\u062a\u062c\u0627\u062a-\u0627\u0644\u0635\u0646\u0627\u0639\u064a\u0629\/\">\u0627\u0644\u0645\u0646\u062a\u062c\u0627\u062a \u0627\u0644\u0635\u0646\u0627\u0639\u064a\u0629<\/a><\/h2><a href=\"https:\/\/weka.com.tr\/ar\/urun_kategorileri\/\u0627\u0644\u0645\u0646\u062a\u062c\u0627\u062a-\u0627\u0644\u0635\u0646\u0627\u0639\u064a\u0629\/\" class=\"w-vwrapper-link smooth-scroll\" aria-label=\"\u0631\u0627\u0628\u0637\"><\/a><\/div>\t\t<\/div>\r\n\t\t\t<\/div>\r\n\t<div class=\"w-grid-item type_term term-269 term-%d9%85%d8%b9%d8%af%d8%a7%d8%aa-%d8%a7%d9%84%d8%b5%d9%88%d8%a7%d9%85%d8%b9 ratio_1x1\">\r\n\t\t<div class=\"w-grid-item-h\">\r\n\t\t\t\t\t\t<div class=\"w-hwrapper usg_hwrapper_1 align_center valign_middle has-link\"><div class=\"w-post-elm post_custom_field usg_post_custom_field_1 type_image kategori_ikon_renkli color_link_inherit\"><img loading=\"lazy\" decoding=\"async\" width=\"400\" height=\"300\" src=\"https:\/\/weka.com.tr\/wp-content\/uploads\/2025\/11\/icon-r-03.png\" class=\"attachment-large size-large\" alt=\"\" srcset=\"https:\/\/weka.com.tr\/wp-content\/uploads\/2025\/11\/icon-r-03.png 400w, https:\/\/weka.com.tr\/wp-content\/uploads\/2025\/11\/icon-r-03-300x225.png 300w\" sizes=\"auto, (max-width: 400px) 100vw, 400px\" \/><\/div><h2 class=\"w-post-elm post_title usg_post_title_1 entry-title color_link_inherit\"><a href=\"https:\/\/weka.com.tr\/ar\/urun_kategorileri\/\u0645\u0639\u062f\u0627\u062a-\u0627\u0644\u0635\u0648\u0627\u0645\u0639\/\">\u0645\u0639\u062f\u0627\u062a \u0627\u0644\u0635\u0648\u0627\u0645\u0639<\/a><\/h2><a href=\"https:\/\/weka.com.tr\/ar\/urun_kategorileri\/\u0645\u0639\u062f\u0627\u062a-\u0627\u0644\u0635\u0648\u0627\u0645\u0639\/\" class=\"w-vwrapper-link smooth-scroll\" aria-label=\"\u0631\u0627\u0628\u0637\"><\/a><\/div>\t\t<\/div>\r\n\t\t\t<\/div>\r\n\t<div class=\"w-grid-item type_term term-268 term-%d9%85%d8%ae%d9%81%d8%b6%d8%a7%d8%aa ratio_1x1\">\r\n\t\t<div class=\"w-grid-item-h\">\r\n\t\t\t\t\t\t<div class=\"w-hwrapper usg_hwrapper_1 align_center valign_middle has-link\"><div class=\"w-post-elm post_custom_field usg_post_custom_field_1 type_image kategori_ikon_renkli color_link_inherit\"><img loading=\"lazy\" decoding=\"async\" width=\"400\" height=\"300\" src=\"https:\/\/weka.com.tr\/wp-content\/uploads\/2025\/11\/icon-r-02.png\" class=\"attachment-large size-large\" alt=\"\" srcset=\"https:\/\/weka.com.tr\/wp-content\/uploads\/2025\/11\/icon-r-02.png 400w, https:\/\/weka.com.tr\/wp-content\/uploads\/2025\/11\/icon-r-02-300x225.png 300w\" sizes=\"auto, (max-width: 400px) 100vw, 400px\" \/><\/div><h2 class=\"w-post-elm post_title usg_post_title_1 entry-title color_link_inherit\"><a href=\"https:\/\/weka.com.tr\/ar\/urun_kategorileri\/\u0645\u062e\u0641\u0636\u0627\u062a\/\">\u0645\u062e\u0641\u0636\u0627\u062a<\/a><\/h2><a href=\"https:\/\/weka.com.tr\/ar\/urun_kategorileri\/\u0645\u062e\u0641\u0636\u0627\u062a\/\" class=\"w-vwrapper-link smooth-scroll\" aria-label=\"\u0631\u0627\u0628\u0637\"><\/a><\/div>\t\t<\/div>\r\n\t\t\t<\/div>\r\n<\/div><\/div><\/div><\/div><\/div><\/div><\/section>\n","protected":false},"excerpt":{"rendered":"\u0627\u0644\u0646\u0627\u0642\u0644\u0627\u062a \u0627\u0644\u0645\u0646\u062a\u062c\u0627\u062a \u0627\u0644\u0635\u0646\u0627\u0639\u064a\u0629 \u0645\u0639\u062f\u0627\u062a \u0627\u0644\u0635\u0648\u0627\u0645\u0639 \u0645\u062e\u0641\u0636\u0627\u062a","protected":false},"author":2,"featured_media":0,"parent":0,"menu_order":0,"comment_status":"closed","ping_status":"closed","template":"","meta":{"_acf_changed":false,"footnotes":""},"class_list":["post-15898","page","type-page","status-publish","hentry"],"acf":[],"yoast_head":"<!-- This site is optimized with the Yoast SEO plugin v27.0 - https:\/\/yoast.com\/product\/yoast-seo-wordpress\/ -->\n<title>\u0627\u0644\u0645\u0646\u062a\u062c\u0627\u062a - WEKA M\u00fchendislik Makina<\/title>\n<meta name=\"description\" content=\"Weka M\u00fchendislik Makine 2001 y\u0131l\u0131nda kurulmu\u015f ve 20 y\u0131l\u0131 a\u015fk\u0131n s\u00fcredir, d\u00f6kme kat\u0131 malzemelerin ta\u015f\u0131nmas\u0131, kar\u0131\u015ft\u0131r\u0131lmas\u0131 ve nakli konusunda \u00fcretim g\u00f6stermektedir. Ankara merkezli olan Weka M\u00fchendislik Makine \u00fcr\u00fcnleri do\u011frudan ve bayiler arac\u0131l\u0131\u011f\u0131 ile d\u00fcnya pazar\u0131nda m\u00fc\u015fterilere sunmaktad\u0131r.\" \/>\n<meta name=\"robots\" content=\"index, follow, max-snippet:-1, max-image-preview:large, max-video-preview:-1\" \/>\n<link rel=\"canonical\" href=\"https:\/\/weka.com.tr\/ar\/\u0627\u0644\u0645\u0646\u062a\u062c\u0627\u062a\/\" \/>\n<meta property=\"og:locale\" content=\"ar_AR\" \/>\n<meta property=\"og:type\" content=\"article\" \/>\n<meta property=\"og:title\" content=\"\u0627\u0644\u0645\u0646\u062a\u062c\u0627\u062a - WEKA M\u00fchendislik Makina\" \/>\n<meta property=\"og:description\" content=\"Weka M\u00fchendislik Makine 2001 y\u0131l\u0131nda kurulmu\u015f ve 20 y\u0131l\u0131 a\u015fk\u0131n s\u00fcredir, d\u00f6kme kat\u0131 malzemelerin ta\u015f\u0131nmas\u0131, kar\u0131\u015ft\u0131r\u0131lmas\u0131 ve nakli konusunda \u00fcretim g\u00f6stermektedir. Ankara merkezli olan Weka M\u00fchendislik Makine \u00fcr\u00fcnleri do\u011frudan ve bayiler arac\u0131l\u0131\u011f\u0131 ile d\u00fcnya pazar\u0131nda m\u00fc\u015fterilere sunmaktad\u0131r.\" \/>\n<meta property=\"og:url\" content=\"https:\/\/weka.com.tr\/ar\/\u0627\u0644\u0645\u0646\u062a\u062c\u0627\u062a\/\" \/>\n<meta property=\"og:site_name\" content=\"WEKA M\u00fchendislik Makina\" \/>\n<meta property=\"article:modified_time\" content=\"2026-01-22T13:11:06+00:00\" \/>\n<meta name=\"twitter:card\" content=\"summary_large_image\" \/>\n<meta name=\"twitter:label1\" content=\"\u0648\u0642\u062a \u0627\u0644\u0642\u0631\u0627\u0621\u0629 \u0627\u0644\u0645\u064f\u0642\u062f\u0651\u0631\" \/>\n\t<meta name=\"twitter:data1\" content=\"1 \u062f\u0642\u064a\u0642\u0629\" \/>\n<script type=\"application\/ld+json\" class=\"yoast-schema-graph\">{\"@context\":\"https:\/\/schema.org\",\"@graph\":[{\"@type\":\"WebPage\",\"@id\":\"https:\/\/weka.com.tr\/ar\/%d8%a7%d9%84%d9%85%d9%86%d8%aa%d8%ac%d8%a7%d8%aa\/\",\"url\":\"https:\/\/weka.com.tr\/ar\/%d8%a7%d9%84%d9%85%d9%86%d8%aa%d8%ac%d8%a7%d8%aa\/\",\"name\":\"\u0627\u0644\u0645\u0646\u062a\u062c\u0627\u062a - WEKA M\u00fchendislik Makina\",\"isPartOf\":{\"@id\":\"https:\/\/weka.com.tr\/#website\"},\"datePublished\":\"2024-11-05T08:39:57+00:00\",\"dateModified\":\"2026-01-22T13:11:06+00:00\",\"description\":\"Weka M\u00fchendislik Makine 2001 y\u0131l\u0131nda kurulmu\u015f ve 20 y\u0131l\u0131 a\u015fk\u0131n s\u00fcredir, d\u00f6kme kat\u0131 malzemelerin ta\u015f\u0131nmas\u0131, kar\u0131\u015ft\u0131r\u0131lmas\u0131 ve nakli konusunda \u00fcretim g\u00f6stermektedir. Ankara merkezli olan Weka M\u00fchendislik Makine \u00fcr\u00fcnleri do\u011frudan ve bayiler arac\u0131l\u0131\u011f\u0131 ile d\u00fcnya pazar\u0131nda m\u00fc\u015fterilere sunmaktad\u0131r.\",\"breadcrumb\":{\"@id\":\"https:\/\/weka.com.tr\/ar\/%d8%a7%d9%84%d9%85%d9%86%d8%aa%d8%ac%d8%a7%d8%aa\/#breadcrumb\"},\"inLanguage\":\"ar\",\"potentialAction\":[{\"@type\":\"ReadAction\",\"target\":[\"https:\/\/weka.com.tr\/ar\/%d8%a7%d9%84%d9%85%d9%86%d8%aa%d8%ac%d8%a7%d8%aa\/\"]}]},{\"@type\":\"BreadcrumbList\",\"@id\":\"https:\/\/weka.com.tr\/ar\/%d8%a7%d9%84%d9%85%d9%86%d8%aa%d8%ac%d8%a7%d8%aa\/#breadcrumb\",\"itemListElement\":[{\"@type\":\"ListItem\",\"position\":1,\"name\":\"Anasayfa\",\"item\":\"https:\/\/weka.com.tr\/ar\/home\/\"},{\"@type\":\"ListItem\",\"position\":2,\"name\":\"\u0627\u0644\u0645\u0646\u062a\u062c\u0627\u062a\"}]},{\"@type\":\"WebSite\",\"@id\":\"https:\/\/weka.com.tr\/#website\",\"url\":\"https:\/\/weka.com.tr\/\",\"name\":\"WEKA M\u00fchendislik Makina\",\"description\":\"\",\"publisher\":{\"@id\":\"https:\/\/weka.com.tr\/#organization\"},\"potentialAction\":[{\"@type\":\"SearchAction\",\"target\":{\"@type\":\"EntryPoint\",\"urlTemplate\":\"https:\/\/weka.com.tr\/?s={search_term_string}\"},\"query-input\":{\"@type\":\"PropertyValueSpecification\",\"valueRequired\":true,\"valueName\":\"search_term_string\"}}],\"inLanguage\":\"ar\"},{\"@type\":\"Organization\",\"@id\":\"https:\/\/weka.com.tr\/#organization\",\"name\":\"WEKA M\u00fchendislik Makina\",\"url\":\"https:\/\/weka.com.tr\/\",\"logo\":{\"@type\":\"ImageObject\",\"inLanguage\":\"ar\",\"@id\":\"https:\/\/weka.com.tr\/#\/schema\/logo\/image\/\",\"url\":\"https:\/\/weka.com.tr\/wp-content\/uploads\/2025\/11\/logo-b-s.svg\",\"contentUrl\":\"https:\/\/weka.com.tr\/wp-content\/uploads\/2025\/11\/logo-b-s.svg\",\"width\":\"1024\",\"height\":\"1024\",\"caption\":\"WEKA M\u00fchendislik Makina\"},\"image\":{\"@id\":\"https:\/\/weka.com.tr\/#\/schema\/logo\/image\/\"}}]}<\/script>\n<!-- \/ Yoast SEO plugin. -->","yoast_head_json":{"title":"\u0627\u0644\u0645\u0646\u062a\u062c\u0627\u062a - WEKA M\u00fchendislik Makina","description":"Weka M\u00fchendislik Makine 2001 y\u0131l\u0131nda kurulmu\u015f ve 20 y\u0131l\u0131 a\u015fk\u0131n s\u00fcredir, d\u00f6kme kat\u0131 malzemelerin ta\u015f\u0131nmas\u0131, kar\u0131\u015ft\u0131r\u0131lmas\u0131 ve nakli konusunda \u00fcretim g\u00f6stermektedir. Ankara merkezli olan Weka M\u00fchendislik Makine \u00fcr\u00fcnleri do\u011frudan ve bayiler arac\u0131l\u0131\u011f\u0131 ile d\u00fcnya pazar\u0131nda m\u00fc\u015fterilere sunmaktad\u0131r.","robots":{"index":"index","follow":"follow","max-snippet":"max-snippet:-1","max-image-preview":"max-image-preview:large","max-video-preview":"max-video-preview:-1"},"canonical":"https:\/\/weka.com.tr\/ar\/\u0627\u0644\u0645\u0646\u062a\u062c\u0627\u062a\/","og_locale":"ar_AR","og_type":"article","og_title":"\u0627\u0644\u0645\u0646\u062a\u062c\u0627\u062a - WEKA M\u00fchendislik Makina","og_description":"Weka M\u00fchendislik Makine 2001 y\u0131l\u0131nda kurulmu\u015f ve 20 y\u0131l\u0131 a\u015fk\u0131n s\u00fcredir, d\u00f6kme kat\u0131 malzemelerin ta\u015f\u0131nmas\u0131, kar\u0131\u015ft\u0131r\u0131lmas\u0131 ve nakli konusunda \u00fcretim g\u00f6stermektedir. Ankara merkezli olan Weka M\u00fchendislik Makine \u00fcr\u00fcnleri do\u011frudan ve bayiler arac\u0131l\u0131\u011f\u0131 ile d\u00fcnya pazar\u0131nda m\u00fc\u015fterilere sunmaktad\u0131r.","og_url":"https:\/\/weka.com.tr\/ar\/\u0627\u0644\u0645\u0646\u062a\u062c\u0627\u062a\/","og_site_name":"WEKA M\u00fchendislik Makina","article_modified_time":"2026-01-22T13:11:06+00:00","twitter_card":"summary_large_image","twitter_misc":{"\u0648\u0642\u062a \u0627\u0644\u0642\u0631\u0627\u0621\u0629 \u0627\u0644\u0645\u064f\u0642\u062f\u0651\u0631":"1 \u062f\u0642\u064a\u0642\u0629"},"schema":{"@context":"https:\/\/schema.org","@graph":[{"@type":"WebPage","@id":"https:\/\/weka.com.tr\/ar\/%d8%a7%d9%84%d9%85%d9%86%d8%aa%d8%ac%d8%a7%d8%aa\/","url":"https:\/\/weka.com.tr\/ar\/%d8%a7%d9%84%d9%85%d9%86%d8%aa%d8%ac%d8%a7%d8%aa\/","name":"\u0627\u0644\u0645\u0646\u062a\u062c\u0627\u062a - WEKA M\u00fchendislik Makina","isPartOf":{"@id":"https:\/\/weka.com.tr\/#website"},"datePublished":"2024-11-05T08:39:57+00:00","dateModified":"2026-01-22T13:11:06+00:00","description":"Weka M\u00fchendislik Makine 2001 y\u0131l\u0131nda kurulmu\u015f ve 20 y\u0131l\u0131 a\u015fk\u0131n s\u00fcredir, d\u00f6kme kat\u0131 malzemelerin ta\u015f\u0131nmas\u0131, kar\u0131\u015ft\u0131r\u0131lmas\u0131 ve nakli konusunda \u00fcretim g\u00f6stermektedir. Ankara merkezli olan Weka M\u00fchendislik Makine \u00fcr\u00fcnleri do\u011frudan ve bayiler arac\u0131l\u0131\u011f\u0131 ile d\u00fcnya pazar\u0131nda m\u00fc\u015fterilere sunmaktad\u0131r.","breadcrumb":{"@id":"https:\/\/weka.com.tr\/ar\/%d8%a7%d9%84%d9%85%d9%86%d8%aa%d8%ac%d8%a7%d8%aa\/#breadcrumb"},"inLanguage":"ar","potentialAction":[{"@type":"ReadAction","target":["https:\/\/weka.com.tr\/ar\/%d8%a7%d9%84%d9%85%d9%86%d8%aa%d8%ac%d8%a7%d8%aa\/"]}]},{"@type":"BreadcrumbList","@id":"https:\/\/weka.com.tr\/ar\/%d8%a7%d9%84%d9%85%d9%86%d8%aa%d8%ac%d8%a7%d8%aa\/#breadcrumb","itemListElement":[{"@type":"ListItem","position":1,"name":"Anasayfa","item":"https:\/\/weka.com.tr\/ar\/home\/"},{"@type":"ListItem","position":2,"name":"\u0627\u0644\u0645\u0646\u062a\u062c\u0627\u062a"}]},{"@type":"WebSite","@id":"https:\/\/weka.com.tr\/#website","url":"https:\/\/weka.com.tr\/","name":"WEKA M\u00fchendislik Makina","description":"","publisher":{"@id":"https:\/\/weka.com.tr\/#organization"},"potentialAction":[{"@type":"SearchAction","target":{"@type":"EntryPoint","urlTemplate":"https:\/\/weka.com.tr\/?s={search_term_string}"},"query-input":{"@type":"PropertyValueSpecification","valueRequired":true,"valueName":"search_term_string"}}],"inLanguage":"ar"},{"@type":"Organization","@id":"https:\/\/weka.com.tr\/#organization","name":"WEKA M\u00fchendislik Makina","url":"https:\/\/weka.com.tr\/","logo":{"@type":"ImageObject","inLanguage":"ar","@id":"https:\/\/weka.com.tr\/#\/schema\/logo\/image\/","url":"https:\/\/weka.com.tr\/wp-content\/uploads\/2025\/11\/logo-b-s.svg","contentUrl":"https:\/\/weka.com.tr\/wp-content\/uploads\/2025\/11\/logo-b-s.svg","width":"1024","height":"1024","caption":"WEKA M\u00fchendislik Makina"},"image":{"@id":"https:\/\/weka.com.tr\/#\/schema\/logo\/image\/"}}]}},"_links":{"self":[{"href":"https:\/\/weka.com.tr\/ar\/wp-json\/wp\/v2\/pages\/15898","targetHints":{"allow":["GET"]}}],"collection":[{"href":"https:\/\/weka.com.tr\/ar\/wp-json\/wp\/v2\/pages"}],"about":[{"href":"https:\/\/weka.com.tr\/ar\/wp-json\/wp\/v2\/types\/page"}],"author":[{"embeddable":true,"href":"https:\/\/weka.com.tr\/ar\/wp-json\/wp\/v2\/users\/2"}],"replies":[{"embeddable":true,"href":"https:\/\/weka.com.tr\/ar\/wp-json\/wp\/v2\/comments?post=15898"}],"version-history":[{"count":0,"href":"https:\/\/weka.com.tr\/ar\/wp-json\/wp\/v2\/pages\/15898\/revisions"}],"wp:attachment":[{"href":"https:\/\/weka.com.tr\/ar\/wp-json\/wp\/v2\/media?parent=15898"}],"curies":[{"name":"wp","href":"https:\/\/api.w.org\/{rel}","templated":true}]}}